{"id":25,"date":"2022-07-20T12:43:29","date_gmt":"2022-07-20T10:43:29","guid":{"rendered":"http:\/\/motorsdemo.loc\/?page_id=25"},"modified":"2023-02-28T19:50:44","modified_gmt":"2023-02-28T18:50:44","slug":"about-us","status":"publish","type":"page","link":"https:\/\/deccaa.com\/fr\/about-us\/","title":{"rendered":"Qui sommes nous"},"content":{"rendered":"<div class=\"vc_row wpb_row vc_row-fluid vc_custom_1445496852478\"><div class=\"stm-col-pad-right wpb_column vc_column_container vc_col-sm-6\"><div class=\"vc_column-inner\"><div class=\"wpb_wrapper\">\n\t<div class=\"wpb_single_image wpb_content_element vc_align_left  vc_custom_1654625745955\">\n\t\t<div class=\"wpb_wrapper\">\n\t\t\t\n\t\t\t<a class=\"stm_fancybox\" href=\"https:\/\/deccaa.com\/wp-content\/uploads\/2022\/06\/WhatsApp-Image-2022-06-07-at-18.10.22-7.jpeg\" target=\"_self\"><div class=\"vc_single_image-wrapper   vc_box_border_grey\"><img loading=\"lazy\" decoding=\"async\" width=\"540\" height=\"405\" src=\"https:\/\/deccaa.com\/wp-content\/uploads\/2022\/06\/WhatsApp-Image-2022-06-07-at-18.10.22-7.jpeg\" class=\"vc_single_image-img attachment-large\" alt=\"\" srcset=\"https:\/\/deccaa.com\/wp-content\/uploads\/2022\/06\/WhatsApp-Image-2022-06-07-at-18.10.22-7.jpeg 540w, https:\/\/deccaa.com\/wp-content\/uploads\/2022\/06\/WhatsApp-Image-2022-06-07-at-18.10.22-7-300x225.jpeg 300w, https:\/\/deccaa.com\/wp-content\/uploads\/2022\/06\/WhatsApp-Image-2022-06-07-at-18.10.22-7-16x12.jpeg 16w, https:\/\/deccaa.com\/wp-content\/uploads\/2022\/06\/WhatsApp-Image-2022-06-07-at-18.10.22-7-275x205.jpeg 275w\" sizes=\"auto, (max-width: 540px) 100vw, 540px\" \/><\/div><\/a>\n\t\t<\/div>\n\t<\/div>\n<\/div><\/div><\/div><div class=\"stm-col-pad-left wpb_column vc_column_container vc_col-sm-6\"><div class=\"vc_column-inner\"><div class=\"wpb_wrapper\">\n\t<div class=\"wpb_text_column wpb_content_element\" >\n\t\t<div class=\"wpb_wrapper\">\n\t\t\t<h3><span style=\"color: #ff0000;\">DECCAA <\/span>COMPONENTS CARE<\/h3>\n<p>DECCA fournit et r\u00e9pare des composants tels que : Essieux, Transmissions, Cylindres, Drifters, T\u00eates rotatives, Entra\u00eenement de pompes, Compresseurs, Moteurs, Pompes, Vannes, Moteurs \u00e9lectriques, R\u00e9ducteurs .  Implant\u00e9s au Burkina Faso, au Mali et au Niger, notre volont\u00e9 est d'\u00eatre proches de nos clients pour leur offrir le meilleur service.<br \/>\nGr\u00e2ce \u00e0 un soutien logistique efficace et des installations de pointe de plus en plus locales, nos \u00e9quipes techniques peuvent effectuer un reconditionnement complet \u00e0 l'\u00e9tat neuf de vos principaux composants.<\/p>\n<p><strong>DECCA propose une gamme compl\u00e8te de solutions composants :<\/strong><\/p>\n<ul class=\"list-style-1\">\n<li>Composants reconditionn\u00e9s<\/li>\n<li>Refabrication des composants du client<\/li>\n<li>Fourniture de nouveau composant<\/li>\n<li>\u00c9change standard des composants du client<\/li>\n<li>Fourniture de kits de reconstruction de composants<\/li>\n<\/ul>\n\n\t\t<\/div>\n\t<\/div>\n<\/div><\/div><\/div><\/div><div class=\"vc_row wpb_row vc_row-fluid vc_custom_1445594570930\"><div class=\"stm-col-pad-right wpb_column vc_column_container vc_col-sm-6\"><div class=\"vc_column-inner\"><div class=\"wpb_wrapper\">\n\t<div class=\"wpb_text_column wpb_content_element  vc_custom_1654615723698\" >\n\t\t<div class=\"wpb_wrapper\">\n\t\t\t<p><strong>Nous reconstruisons :<\/strong><\/p>\n<p>DANA\u00a0 \u00a0&#8211;\u00a0 \u00a0ALLISON\u00a0 \u00a0&#8211;\u00a0 \u00a0KESSLER\u00a0 \u00a0&#8211;\u00a0 \u00a0 VOLVO\u00a0 \u00a0&#8211;\u00a0 \u00a0 TEREX\u00a0 \u00a0 &#8211;\u00a0 \u00a0 DEUTZ \u00a0&#8211;\u00a0 \u00a0 SANDVIK \u00a0&#8211;\u00a0 \u00a0 EPIROC \u00a0&#8211;\u00a0 \u00a0 CATERPILLAR \u00a0&#8211;\u00a0 \u00a0 KOMATSU \u00a0&#8211;\u00a0 \u00a0 CUMMINS \u00a0&#8211;\u00a0 \u00a0 KUBOTA<\/p>\n<p>Notre atelier local est \u00e9quip\u00e9 de bancs d'essai pour r\u00e9pondre aux sp\u00e9cifications de fonctionnement : Tous les composants sont rigoureusement test\u00e9s pour s'assurer qu'ils fonctionneront correctement et de mani\u00e8re fiable sur l'\u00e9quipement.<\/p>\n<p><strong>Notre processus Reman\u00a0:<\/strong><\/p>\n<ul class=\"list-style-1\">\n<li>V\u00e9rifications strictes l'\u00e9tat des composants<\/li>\n<li>Composants qualifi\u00e9s \u00e0 reconditionner<\/li>\n<li>Nettoyer les composants avant de d\u00e9monter<\/li>\n<li>Nettoyez chaque pi\u00e8ce apr\u00e8s le d\u00e9montage<\/li>\n<li>V\u00e9rifier toutes les pi\u00e8ces<\/li>\n<li>Remplacer toutes les pi\u00e8ces d\u00e9fectueuses et les pi\u00e8ces us\u00e9es<\/li>\n<li>Tous les roulements, joints, joints et capteurs sont chang\u00e9s<\/li>\n<li>Remplacez certaines pi\u00e8ces dures au besoin<\/li>\n<li>R\u00e9assembler avec la norme et les sp\u00e9cifications Factory|OEM<\/li>\n<li>Seules des pi\u00e8ces d'origine sont utilis\u00e9es<\/li>\n<li>Conception technique originale<\/li>\n<li>Rigoureusement test\u00e9 avant la livraison au client<\/li>\n<\/ul>\n\n\t\t<\/div>\n\t<\/div>\n<\/div><\/div><\/div><div class=\"stm-col-pad-left wpb_column vc_column_container vc_col-sm-6\"><div class=\"vc_column-inner\"><div class=\"wpb_wrapper\">\n\t<div class=\"wpb_single_image wpb_content_element vc_align_left  vc_custom_1654625950359\">\n\t\t<div class=\"wpb_wrapper\">\n\t\t\t\n\t\t\t<a class=\"stm_fancybox\" href=\"https:\/\/deccaa.com\/wp-content\/uploads\/2022\/06\/WhatsApp-Image-2022-06-07-at-18.10.22-11.jpeg\" target=\"_self\"><div class=\"vc_single_image-wrapper   vc_box_border_grey\"><img loading=\"lazy\" decoding=\"async\" width=\"405\" height=\"540\" src=\"https:\/\/deccaa.com\/wp-content\/uploads\/2022\/06\/WhatsApp-Image-2022-06-07-at-18.10.22-11.jpeg\" class=\"vc_single_image-img attachment-full\" alt=\"\" srcset=\"https:\/\/deccaa.com\/wp-content\/uploads\/2022\/06\/WhatsApp-Image-2022-06-07-at-18.10.22-11.jpeg 405w, https:\/\/deccaa.com\/wp-content\/uploads\/2022\/06\/WhatsApp-Image-2022-06-07-at-18.10.22-11-225x300.jpeg 225w, https:\/\/deccaa.com\/wp-content\/uploads\/2022\/06\/WhatsApp-Image-2022-06-07-at-18.10.22-11-9x12.jpeg 9w\" sizes=\"auto, (max-width: 405px) 100vw, 405px\" \/><\/div><\/a>\n\t\t<\/div>\n\t<\/div>\n<\/div><\/div><\/div><\/div><div class=\"vc_row wpb_row vc_row-fluid\"><div class=\"wpb_column vc_column_container vc_col-sm-12\"><div class=\"vc_column-inner\"><div class=\"wpb_wrapper\">\n\n\t<div class=\"stm-car-listing-data-single stm-border-top-unit\">\n\t\t<div class=\"title heading-font\">DOMAINES D'EXPERTISE<\/div>\n\t<\/div>\n\n<\/div><\/div><\/div><\/div><div class=\"vc_row wpb_row vc_row-fluid\"><div class=\"wpb_column vc_column_container vc_col-sm-4\"><div class=\"vc_column-inner\"><div class=\"wpb_wrapper\">\n\t<div class=\"wpb_single_image wpb_content_element vc_align_left\">\n\t\t<div class=\"wpb_wrapper\">\n\t\t\t<h2 class=\"wpb_heading wpb_singleimage_heading\">Extraction mini\u00e8re de surface<\/h2>\n\t\t\t<div class=\"vc_single_image-wrapper   vc_box_border_grey\"><img loading=\"lazy\" decoding=\"async\" width=\"540\" height=\"347\" src=\"https:\/\/deccaa.com\/wp-content\/uploads\/2022\/06\/WhatsApp-Image-2022-06-07-at-18.10.22-14-1.jpeg\" class=\"vc_single_image-img attachment-large\" alt=\"\" srcset=\"https:\/\/deccaa.com\/wp-content\/uploads\/2022\/06\/WhatsApp-Image-2022-06-07-at-18.10.22-14-1.jpeg 540w, https:\/\/deccaa.com\/wp-content\/uploads\/2022\/06\/WhatsApp-Image-2022-06-07-at-18.10.22-14-1-300x193.jpeg 300w, https:\/\/deccaa.com\/wp-content\/uploads\/2022\/06\/WhatsApp-Image-2022-06-07-at-18.10.22-14-1-18x12.jpeg 18w\" sizes=\"auto, (max-width: 540px) 100vw, 540px\" \/><\/div>\n\t\t<\/div>\n\t<\/div>\n<\/div><\/div><\/div><div class=\"wpb_column vc_column_container vc_col-sm-4\"><div class=\"vc_column-inner\"><div class=\"wpb_wrapper\">\n\t<div class=\"wpb_single_image wpb_content_element vc_align_left\">\n\t\t<div class=\"wpb_wrapper\">\n\t\t\t<h2 class=\"wpb_heading wpb_singleimage_heading\">L'exploitation mini\u00e8re souterraine<\/h2>\n\t\t\t<div class=\"vc_single_image-wrapper   vc_box_border_grey\"><img loading=\"lazy\" decoding=\"async\" width=\"875\" height=\"500\" src=\"https:\/\/deccaa.com\/wp-content\/uploads\/2022\/06\/2795471-Copie.jpeg\" class=\"vc_single_image-img attachment-full\" alt=\"\" srcset=\"https:\/\/deccaa.com\/wp-content\/uploads\/2022\/06\/2795471-Copie.jpeg 875w, https:\/\/deccaa.com\/wp-content\/uploads\/2022\/06\/2795471-Copie-300x171.jpeg 300w, https:\/\/deccaa.com\/wp-content\/uploads\/2022\/06\/2795471-Copie-768x439.jpeg 768w, https:\/\/deccaa.com\/wp-content\/uploads\/2022\/06\/2795471-Copie-18x10.jpeg 18w, https:\/\/deccaa.com\/wp-content\/uploads\/2022\/06\/2795471-Copie-445x255.jpeg 445w\" sizes=\"auto, (max-width: 875px) 100vw, 875px\" \/><\/div>\n\t\t<\/div>\n\t<\/div>\n<\/div><\/div><\/div><div class=\"wpb_column vc_column_container vc_col-sm-4\"><div class=\"vc_column-inner\"><div class=\"wpb_wrapper\">\n\t<div class=\"wpb_single_image wpb_content_element vc_align_left\">\n\t\t<div class=\"wpb_wrapper\">\n\t\t\t<h2 class=\"wpb_heading wpb_singleimage_heading\">Construction<\/h2>\n\t\t\t<div class=\"vc_single_image-wrapper   vc_box_border_grey\"><img loading=\"lazy\" decoding=\"async\" width=\"1280\" height=\"720\" src=\"https:\/\/deccaa.com\/wp-content\/uploads\/2022\/06\/ejb-Soil-Stabilization-1-3-1280x720_c-1.webp\" class=\"vc_single_image-img attachment-full\" alt=\"\" srcset=\"https:\/\/deccaa.com\/wp-content\/uploads\/2022\/06\/ejb-Soil-Stabilization-1-3-1280x720_c-1.webp 1280w, https:\/\/deccaa.com\/wp-content\/uploads\/2022\/06\/ejb-Soil-Stabilization-1-3-1280x720_c-1-300x169.webp 300w, https:\/\/deccaa.com\/wp-content\/uploads\/2022\/06\/ejb-Soil-Stabilization-1-3-1280x720_c-1-1024x576.webp 1024w, https:\/\/deccaa.com\/wp-content\/uploads\/2022\/06\/ejb-Soil-Stabilization-1-3-1280x720_c-1-768x432.webp 768w, https:\/\/deccaa.com\/wp-content\/uploads\/2022\/06\/ejb-Soil-Stabilization-1-3-1280x720_c-1-18x10.webp 18w, https:\/\/deccaa.com\/wp-content\/uploads\/2022\/06\/ejb-Soil-Stabilization-1-3-1280x720_c-1-398x223.webp 398w, https:\/\/deccaa.com\/wp-content\/uploads\/2022\/06\/ejb-Soil-Stabilization-1-3-1280x720_c-1-472x265.webp 472w\" sizes=\"auto, (max-width: 1280px) 100vw, 1280px\" \/><\/div>\n\t\t<\/div>\n\t<\/div>\n<\/div><\/div><\/div><\/div>","protected":false},"excerpt":{"rendered":"DECCAA COMPONENTS CARE DECCA supplies and repairs components such as : Axles, Transmissions, Cylinders, Drifters, Rotary heads, Pumps Drive, Compressors, Engines, Pumps, Valves, Electrical motors, gearboxes . Established in Burkina Faso , Mali and Niger our desire is to be close to our clients to offer best service. Through efficient logistic support and increasingly local...","protected":false},"author":1,"featured_media":0,"parent":0,"menu_order":0,"comment_status":"closed","ping_status":"closed","template":"","meta":{"footnotes":""},"yst_prominent_words":[],"class_list":["post-25","page","type-page","status-publish","hentry"],"_links":{"self":[{"href":"https:\/\/deccaa.com\/fr\/wp-json\/wp\/v2\/pages\/25","targetHints":{"allow":["GET"]}}],"collection":[{"href":"https:\/\/deccaa.com\/fr\/wp-json\/wp\/v2\/pages"}],"about":[{"href":"https:\/\/deccaa.com\/fr\/wp-json\/wp\/v2\/types\/page"}],"author":[{"embeddable":true,"href":"https:\/\/deccaa.com\/fr\/wp-json\/wp\/v2\/users\/1"}],"replies":[{"embeddable":true,"href":"https:\/\/deccaa.com\/fr\/wp-json\/wp\/v2\/comments?post=25"}],"version-history":[{"count":22,"href":"https:\/\/deccaa.com\/fr\/wp-json\/wp\/v2\/pages\/25\/revisions"}],"predecessor-version":[{"id":741,"href":"https:\/\/deccaa.com\/fr\/wp-json\/wp\/v2\/pages\/25\/revisions\/741"}],"wp:attachment":[{"href":"https:\/\/deccaa.com\/fr\/wp-json\/wp\/v2\/media?parent=25"}],"wp:term":[{"taxonomy":"yst_prominent_words","embeddable":true,"href":"https:\/\/deccaa.com\/fr\/wp-json\/wp\/v2\/yst_prominent_words?post=25"}],"curies":[{"name":"wp","href":"https:\/\/api.w.org\/{rel}","templated":true}]}}