{"id":27,"date":"2022-07-20T12:44:04","date_gmt":"2022-07-20T10:44:04","guid":{"rendered":"http:\/\/motorsdemo.loc\/?page_id=27"},"modified":"2022-07-20T18:08:12","modified_gmt":"2022-07-20T16:08:12","slug":"contact","status":"publish","type":"page","link":"https:\/\/deccaa.com\/fr\/contact\/","title":{"rendered":"Contact"},"content":{"rendered":"<div class=\"vc_row wpb_row vc_row-fluid vc_custom_1578301473682\"><div class=\"wpb_column vc_column_container vc_col-sm-12\"><div class=\"vc_column-inner\"><div class=\"wpb_wrapper\">\n<div class=\"stm-contact-us-form-wrapper\">\n\t\t\t<h2>Contactez-nous<\/h2>\n\t\t\t\t\t\t<div role=\"form\" class=\"wpcf7\" id=\"wpcf7-f221-o1\" lang=\"en-US\" dir=\"ltr\">\n<div class=\"screen-reader-response\"><p role=\"status\" aria-live=\"polite\" aria-atomic=\"true\"><\/p> <ul><\/ul><\/div>\n<form action=\"\/fr\/wp-json\/wp\/v2\/pages\/27#wpcf7-f221-o1\" method=\"post\" class=\"wpcf7-form init\" novalidate=\"novalidate\" data-status=\"init\" data-trp-original-action=\"\/fr\/wp-json\/wp\/v2\/pages\/27#wpcf7-f221-o1\">\n<div style=\"display: none;\">\n<input type=\"hidden\" name=\"_wpcf7\" value=\"221\" \/>\n<input type=\"hidden\" name=\"_wpcf7_version\" value=\"5.5.6.1\" \/>\n<input type=\"hidden\" name=\"_wpcf7_locale\" value=\"en_US\" \/>\n<input type=\"hidden\" name=\"_wpcf7_unit_tag\" value=\"wpcf7-f221-o1\" \/>\n<input type=\"hidden\" name=\"_wpcf7_container_post\" value=\"0\" \/>\n<input type=\"hidden\" name=\"_wpcf7_posted_data_hash\" value=\"\" \/>\n<\/div>\n<div class=\"row\">\n<div class=\"col-md-7 col-sm-7\">\n<div class=\"row\">\n<div class=\"col-md-6 col-sm-6\">\n<div class=\"form-group\">\n<div class=\"contact-us-label\">Nom<\/div>\n<p>                    <span class=\"wpcf7-form-control-wrap name\"><input type=\"text\" name=\"name\" value=\"\" size=\"40\" class=\"wpcf7-form-control wpcf7-text wpcf7-validates-as-required\" aria-required=\"true\" aria-invalid=\"false\" placeholder=\"Entrer votre nom\" \/><\/span>\n                <\/p><\/div>\n<\/div>\n<div class=\"col-md-6 col-sm-6\">\n<div class=\"form-group\">\n<div class=\"contact-us-label\">Pr\u00e9nom<\/div>\n<p>                    <span class=\"wpcf7-form-control-wrap last-name\"><input type=\"text\" name=\"last-name\" value=\"\" size=\"40\" class=\"wpcf7-form-control wpcf7-text wpcf7-validates-as-required\" aria-required=\"true\" aria-invalid=\"false\" placeholder=\"Entrer votre pr\u00e9nom\" \/><\/span>\n                <\/p><\/div>\n<\/div>\n<\/div>\n<div class=\"row\">\n<div class=\"col-md-6 col-sm-6\">\n<div class=\"form-group\">\n<div class=\"contact-us-label\">Email*<\/div>\n<p>                    <span class=\"wpcf7-form-control-wrap email\"><input type=\"email\" name=\"email\" value=\"\" size=\"40\" class=\"wpcf7-form-control wpcf7-text wpcf7-email wpcf7-validates-as-required wpcf7-validates-as-email\" aria-required=\"true\" aria-invalid=\"false\" placeholder=\"email@domain.com\" \/><\/span>\n                <\/p><\/div>\n<\/div>\n<div class=\"col-md-6 col-sm-6\">\n<div class=\"form-group\">\n<div class=\"contact-us-label\">T\u00e9l\u00e9phone<\/div>\n<p>                    <span class=\"wpcf7-form-control-wrap phone\"><input type=\"tel\" name=\"phone\" value=\"\" size=\"40\" class=\"wpcf7-form-control wpcf7-text wpcf7-tel wpcf7-validates-as-tel\" aria-invalid=\"false\" placeholder=\"Num\u00e9ro de t\u00e9l\u00e9phone\" \/><\/span>\n                <\/p><\/div>\n<\/div>\n<\/div>\n<div class=\"row\">\n<div class=\"col-md-12 stm-contact-us-checkbox\">\n                <span class=\"wpcf7-form-control-wrap subscribe\"><span class=\"wpcf7-form-control wpcf7-checkbox\"><span class=\"wpcf7-list-item first last\"><label><input type=\"checkbox\" name=\"subscribe[]\" value=\"Subscribe and Get latest updates and offers by Email\" \/><span class=\"wpcf7-list-item-label\">Abonnez-vous et recevez les derni\u00e8res mises \u00e0 jour et offres par e-mail<\/span><\/label><\/span><\/span><\/span>\n            <\/div>\n<\/div>\n<\/div>\n<div class=\"col-md-5 col-sm-5\">\n<div class=\"form-group\">\n<div class=\"form-group\">\n<div class=\"contact-us-label\">Message<\/div>\n<p>                <span class=\"wpcf7-form-control-wrap message\"><textarea name=\"message\" cols=\"40\" rows=\"10\" class=\"wpcf7-form-control wpcf7-textarea\" aria-invalid=\"false\" placeholder=\"Entrer votre message\"><\/textarea><\/span>\n            <\/p><\/div>\n<\/div>\n<div class=\"contact-us-submit\">\n            <input type=\"submit\" value=\"Envoyer\" class=\"wpcf7-form-control has-spinner wpcf7-submit contact-us-submit\" \/>\n        <\/div>\n<\/div>\n<\/div>\n<div class=\"wpcf7-response-output\" aria-hidden=\"true\"><\/div><input type=\"hidden\" name=\"trp-form-language\" value=\"fr\"\/><\/form><\/div>\t<\/div><\/div><\/div><\/div><\/div><div class=\"vc_row wpb_row vc_row-fluid vc_custom_1452251533394\"><div class=\"wpb_column vc_column_container vc_col-sm-12 vc_col-lg-4 vc_col-md-12\"><div class=\"vc_column-inner vc_custom_1448867253895\"><div class=\"wpb_wrapper\">\n\t<div class=\"wpb_tabs wpb_content_element\" data-interval=\"0\">\n\t\t<div class=\"wpb_wrapper wpb_tour_tabs_wrapper ui-tabs stm_tabs_style_2  vc_clearfix\">\n\t\t\t<ul class=\"wpb_tabs_nav ui-tabs-nav vc_clearfix\"><li><a href=\"#tab-309debce-b3e3-6\">Commercial<\/a><\/li><\/ul>\n\t<div id=\"tab-309debce-b3e3-6\" class=\"wpb_tab ui-tabs-panel wpb_ui-tabs-hide vc_clearfix\">\n\t\t\n\n\n    <div class=\"icon-box vc_custom_1654267021935 icon_box_57482 stm-layout-box-car_dealer\"\n         style=\"color:#232628\">\n        <div class=\"boat-line\"><\/div>\n                    <div\n                    class=\"icon vc_custom_1654267021933 boat-third-color\"\n                    style=\"font-size:31px;color:#cc6119; \">\n                <i class=\"stm-icon-pin\"><\/i>\n            <\/div>\n                <div class=\"icon-text\">\n                        <h4 class=\"title heading-font\"\n            style=\"color:#232628\">\n            Adresse        <\/h4>\n                        <div class=\"content\" style=\"line-height:18px;\">\n                <p>11 BP 612 CMS &#8211; Ouagadougou &#8211; Burkina Faso<\/p>\n            <\/div>\n                                            <\/div>\n        <\/div>\n\n    \n\n<style>\n        .icon_box_57482:after,\n    .icon_box_57482:before {\n        }\n\n    }\n    .icon_box_57482 .icon-box-bottom-triangle {\n        border-right-color: rgba(, 0.9);\n    }\n\n    .icon_box_57482:hover .icon-box-bottom-triangle {\n        border-right-color: rgba(, 1);\n    }\n\n            .icon-box .icon-text .content a {\n        color: #232628;\n    }\n\n                <\/style>\n\n\n    <div class=\"icon-box vc_custom_1654267035516 icon_box_95291 stm-layout-box-car_dealer\"\n         style=\"color:#232628\">\n        <div class=\"boat-line\"><\/div>\n                    <div\n                    class=\"icon vc_custom_1654267035514 boat-third-color\"\n                    style=\"font-size:31px;color:#cc6119; \">\n                <i class=\"stm-icon-phone\"><\/i>\n            <\/div>\n                <div class=\"icon-text\">\n                        <h4 class=\"title heading-font\"\n            style=\"color:#232628\">\n            T\u00e9l\u00e9phone        <\/h4>\n                        <div class=\"content\" style=\"line-height:18px;\">\n                <p>+226 71 13 26 79<\/p>\n            <\/div>\n                                            <\/div>\n        <\/div>\n\n    \n\n<style>\n        .icon_box_95291:after,\n    .icon_box_95291:before {\n        }\n\n    }\n    .icon_box_95291 .icon-box-bottom-triangle {\n        border-right-color: rgba(, 0.9);\n    }\n\n    .icon_box_95291:hover .icon-box-bottom-triangle {\n        border-right-color: rgba(, 1);\n    }\n\n            .icon-box .icon-text .content a {\n        color: #232628;\n    }\n\n                <\/style>\n\n\n    <div class=\"icon-box vc_custom_1654267159556 icon_box_78727 stm-layout-box-car_dealer\"\n         style=\"color:#232628\">\n        <div class=\"boat-line\"><\/div>\n                    <div\n                    class=\"icon vc_custom_1654267159554 boat-third-color\"\n                    style=\"font-size:31px;color:#cc6119; \">\n                <i class=\"far fa-envelope\"><\/i>\n            <\/div>\n                <div class=\"icon-text\">\n                        <h4 class=\"title heading-font\"\n            style=\"color:#232628\">\n            Email        <\/h4>\n                        <div class=\"content\" style=\"line-height:18px;\">\n                <p>sales@deccaa.com<\/p>\n            <\/div>\n                                            <\/div>\n        <\/div>\n\n    \n\n<style>\n        .icon_box_78727:after,\n    .icon_box_78727:before {\n        }\n\n    }\n    .icon_box_78727 .icon-box-bottom-triangle {\n        border-right-color: rgba(, 0.9);\n    }\n\n    .icon_box_78727:hover .icon-box-bottom-triangle {\n        border-right-color: rgba(, 1);\n    }\n\n            .icon-box .icon-text .content a {\n        color: #232628;\n    }\n\n                <\/style>\n\n\n    <div class=\"icon-box vc_custom_1654267090231 icon_box_98080 stm-layout-box-car_dealer\"\n         style=\"color:#232628\">\n        <div class=\"boat-line\"><\/div>\n                    <div\n                    class=\"icon vc_custom_1654267090229 boat-third-color\"\n                    style=\"font-size:31px;color:#cc6119; \">\n                <i class=\"stm-icon-time\"><\/i>\n            <\/div>\n                <div class=\"icon-text\">\n                        <h4 class=\"title heading-font\"\n            style=\"color:#232628\">\n            Horaires        <\/h4>\n                        <div class=\"content\" style=\"line-height:18px;\">\n                <p><span style=\"color: #888888; font-size: 14px;\">Lun - Ven: 08H - 17H<br \/>\nSamedi: 09H -13H<br \/>\nDimanche: Ferm\u00e9<\/span><\/p>\n            <\/div>\n                                            <\/div>\n        <\/div>\n\n    \n\n<style>\n        .icon_box_98080:after,\n    .icon_box_98080:before {\n        }\n\n    }\n    .icon_box_98080 .icon-box-bottom-triangle {\n        border-right-color: rgba(, 0.9);\n    }\n\n    .icon_box_98080:hover .icon-box-bottom-triangle {\n        border-right-color: rgba(, 1);\n    }\n\n            .icon-box .icon-text .content a {\n        color: #232628;\n    }\n\n                <\/style>\n\t<\/div>\n\n\t\t<\/div>\n\t<\/div>\n<\/div><\/div><\/div><div class=\"wpb_column vc_column_container vc_col-sm-12 vc_col-lg-8 vc_col-md-12\"><div class=\"vc_column-inner vc_custom_1448867270861\"><div class=\"wpb_wrapper\">\n\t<div style=\" width: 100%;  height: 480px;\" id=\"stm_map-1680449725\" class=\"stm_gmap\"><\/div>\n\n\t<script>\n\t\tjQuery(document).ready(function ($) {\n\t\t\tgoogle.maps.event.addDomListener(window, 'load', init);\n\n\t\t\tvar center, map;\n\t\t\tfunction init() {\n\t\t\t\tcenter = new google.maps.LatLng(12.244366074978386, -1.5288022315336078);\n\t\t\t\tvar mapOptions = {\n\t\t\t\t\tzoom: 18,\n\t\t\t\t\tcenter: center,\n\t\t\t\t\tscrollwheel: true\t\t\t\t};\n\t\t\t\tvar mapElement = document.getElementById('stm_map-1680449725');\n\t\t\t\tmap = new google.maps.Map(mapElement, mapOptions);\n\t\t\t\tvar marker = new google.maps.Marker({\n\t\t\t\t\tposition: center,\n\t\t\t\t\ticon: 'https:\/\/deccaa.com\/wp-content\/uploads\/2022\/06\/location_map_pin_mark_icon_148685.png',\n\t\t\t\t\tmap: map\n\t\t\t\t});\n\n\t\t\t\t\t\t\t\tvar infowindow = new google.maps.InfoWindow({\n\t\t\t\t\tcontent: '<h6>11 BP 612 CMS - Ouagadougou - Burkina Faso<\/h6>',\n\t\t\t\t\tpixelOffset: new google.maps.Size(0,71),\n\t\t\t\t\tboxStyle: {\n\t\t\t\t\t\twidth: \"320px\"\n\t\t\t\t\t}\n\t\t\t\t});\n\n\t\t\t\tmarker.addListener('click', function() {\n\t\t\t\t\tinfowindow.open(map, marker);\n\t\t\t\t\tmap.setCenter(center);\n\t\t\t\t});\n\t\t\t\t\t\t\t}\n\n\t\t\t$('.vc_tta-tab').on('click', function(){\n\t\t\t\tif(typeof map != 'undefined' && typeof center != 'undefined') {\n\t\t\t\t\tsetTimeout(function () {\n\t\t\t\t\t\tgoogle.maps.event.trigger(map, \"resize\");\n\t\t\t\t\t\tmap.setCenter(center);\n\t\t\t\t\t}, 1000);\n\t\t\t\t}\n\t\t\t})\n\n\t\t\t$('a').on('click', function(){\n\t\t\t\tif(typeof $(this).data('vc-accordion') !== 'undefined' && typeof map != 'undefined' && typeof center != 'undefined') {\n\t\t\t\t\tsetTimeout(function () {\n\t\t\t\t\t\tgoogle.maps.event.trigger(map, \"resize\");\n\t\t\t\t\t\tmap.setCenter(center);\n\t\t\t\t\t}, 1000);\n\t\t\t\t}\n\t\t\t})\n\n\t\t\t$('.wpb_tour_tabs_wrapper.ui-tabs ul.wpb_tabs_nav > li').on('click', function(){\n\t\t\t\tif(typeof map != 'undefined' && typeof center != 'undefined') {\n\t\t\t\t\tsetTimeout(function () {\n\t\t\t\t\t\tgoogle.maps.event.trigger(map, \"resize\");\n\t\t\t\t\t\tmap.setCenter(center);\n\t\t\t\t\t}, 1000);\n\t\t\t\t}\n\t\t\t})\n\n\t\t\t$(window).on('resize', function(){\n\t\t\t\tif(typeof map != 'undefined' && typeof center != 'undefined') {\n\t\t\t\t\tsetTimeout(function () {\n\t\t\t\t\t\tmap.setCenter(center);\n\t\t\t\t\t}, 1000);\n\t\t\t\t}\n\t\t\t})\n\t\t});\n\t<\/script>\n\n\t<!--Infowindow styles-->\n\t<style type=\"text\/css\">\n\t\t\/* white background and box outline *\/\n\t\t.gm-style > div:first-child > div + div > div:last-child > div > div:first-child > div {\n\t\t\tborder: none !important;\n\t\t\tbox-shadow: rgba(0, 0, 0, 0.1) 5px 5px 5px !important;\n\t\t}\n\t\t\/* arrow first *\/\n\t\t.gm-style > div:first-child > div + div > div:last-child > div > div:first-child > div > div:first-child > div {\n\t\t\tleft: 3px !important;\n\t\t\ttransform: skewX(36deg) !important;\n\t\t\tbox-shadow: rgba(0, 0, 0, 0.1) 0px 0px 1px !important;\n\t\t\tz-index: 40;\n\t\t}\n\t\t\/* arrow second *\/\n\t\t.gm-style > div:first-child > div + div > div:last-child > div > div:first-child > div > div:nth-child(2) > div {\n\t\t\tleft: 2px !important;\n\t\t\ttransform: skewX(-36deg) !important;\n\t\t\tbox-shadow: rgba(0, 0, 0, 0.1) 0px 1px 1px !important;\n\t\t\tz-index: 40;\n\t\t}\n\n\t\t.gm-style > div:first-child > div + div > div:last-child > div > div:first-child > div:first-child {\n\t\t\tdisplay: none !important;\n\t\t}\n\n\t\t.gm-style > div:first-child > div + div > div:last-child > div > div:first-child > div:nth-child(2){\n\t\t\tbackground-color: transparent !important;\n\t\t\tbox-shadow: none !important;\n\t\t}\n\n\t\t.gm-style .gm-style-iw {\n\t\t\tpadding: 10px 10px 5px 10px;\n\t\t\tmin-height: 54px;\n\t\t\twidth: 240px !important;\n\t\t}\n\t\t.gm-style .gm-style-iw > div > div {\n\t\t\toverflow: hidden !important;\n\t\t}\n\t\t.gm-style .gm-style-iw h6 {\n\t\t\tmargin-bottom: 0 !important;\n\t\t\tfont-weight: 400 !important;\n\t\t}\n\t<\/style>\n<\/div><\/div><\/div><\/div>","protected":false},"excerpt":{"rendered":"Contact Us First Name* Last Name* Email* Phone Subscribe and Get latest updates and offers by Email Comment Sales Address 11 BP 612 CMS - Ouagadougou - Burkina Faso Sales Phone +226 71 13 26 79 Sales email sales@deccaa.com Sales Hours Mon - Fri: 08:00AM - 05:00PM Saturday: 09:00AM - 01:00PM Sunday: Closed","protected":false},"author":1,"featured_media":0,"parent":0,"menu_order":0,"comment_status":"closed","ping_status":"closed","template":"","meta":{"footnotes":""},"yst_prominent_words":[],"class_list":["post-27","page","type-page","status-publish","hentry"],"_links":{"self":[{"href":"https:\/\/deccaa.com\/fr\/wp-json\/wp\/v2\/pages\/27","targetHints":{"allow":["GET"]}}],"collection":[{"href":"https:\/\/deccaa.com\/fr\/wp-json\/wp\/v2\/pages"}],"about":[{"href":"https:\/\/deccaa.com\/fr\/wp-json\/wp\/v2\/types\/page"}],"author":[{"embeddable":true,"href":"https:\/\/deccaa.com\/fr\/wp-json\/wp\/v2\/users\/1"}],"replies":[{"embeddable":true,"href":"https:\/\/deccaa.com\/fr\/wp-json\/wp\/v2\/comments?post=27"}],"version-history":[{"count":7,"href":"https:\/\/deccaa.com\/fr\/wp-json\/wp\/v2\/pages\/27\/revisions"}],"predecessor-version":[{"id":715,"href":"https:\/\/deccaa.com\/fr\/wp-json\/wp\/v2\/pages\/27\/revisions\/715"}],"wp:attachment":[{"href":"https:\/\/deccaa.com\/fr\/wp-json\/wp\/v2\/media?parent=27"}],"wp:term":[{"taxonomy":"yst_prominent_words","embeddable":true,"href":"https:\/\/deccaa.com\/fr\/wp-json\/wp\/v2\/yst_prominent_words?post=27"}],"curies":[{"name":"wp","href":"https:\/\/api.w.org\/{rel}","templated":true}]}}