{"id":451,"date":"2022-07-20T14:43:57","date_gmt":"2022-07-20T12:43:57","guid":{"rendered":"https:\/\/deccaa.com\/?page_id=451"},"modified":"2022-07-20T18:06:08","modified_gmt":"2022-07-20T16:06:08","slug":"after-market-solutions","status":"publish","type":"page","link":"https:\/\/deccaa.com\/fr\/after-market-solutions\/","title":{"rendered":"Services apr\u00e8s-vente"},"content":{"rendered":"<div class=\"vc_row wpb_row vc_row-fluid vc_custom_1446724724284\"><div class=\"wpb_column vc_column_container vc_col-sm-8\"><div class=\"vc_column-inner vc_custom_1446724718390\"><div class=\"wpb_wrapper\">\n\t<div class=\"wpb_text_column wpb_content_element  vc_custom_1654256685242\" >\n\t\t<div class=\"wpb_wrapper\">\n\t\t\t<h2><span style=\"color: #FF0000;\">DECCAA <\/span>SERVICE-APRES VENTE<\/h2>\n<p><span data-mce-type=\"bookmark\" style=\"display: inline-block; width: 0px; overflow: hidden; line-height: 0;\" class=\"mce_SELRES_start\"><\/span><\/p>\n\n\t\t<\/div>\n\t<\/div>\n\n\t<div class=\"wpb_text_column wpb_content_element  vc_custom_1654596292932\" >\n\t\t<div class=\"wpb_wrapper\">\n\t\t\t<p id=\"tw-target-text\" class=\"tw-data-text tw-text-large tw-ta\" dir=\"ltr\" data-placeholder=\"Traduction\"><span class=\"Y2IQFc\" lang=\"en\" style=\"color: #fff;\">Nos activit\u00e9s apr\u00e8s-vente comprennent une large gamme de services personnalis\u00e9s et \u00e0 des prix comp\u00e9titifs pour l'inspection, l'entretien et la r\u00e9paration de votre \u00e9quipement. <\/span><\/p>\n\n\t\t<\/div>\n\t<\/div>\n<h4 style=\"text-align: left\" class=\"vc_custom_heading vc_custom_1446703859040\" >NOS SERVICES COMPRENNENT<\/h4><div class=\"vc_row wpb_row vc_inner vc_row-fluid vc_custom_1446703897866\"><div class=\"wpb_column vc_column_container vc_col-sm-6\"><div class=\"vc_column-inner\"><div class=\"wpb_wrapper\">\n\t<div class=\"wpb_text_column wpb_content_element\" >\n\t\t<div class=\"wpb_wrapper\">\n\t\t\t<ul class=\"list-style-1\">\n<li><span style=\"color: #ffffff;\">Solutions de remplacement de composants<\/span><\/li>\n<li><span style=\"color: #ffffff;\">R\u00e9parations de machines<\/span><\/li>\n<\/ul>\n\n\t\t<\/div>\n\t<\/div>\n<\/div><\/div><\/div><div class=\"wpb_column vc_column_container vc_col-sm-6\"><div class=\"vc_column-inner\"><div class=\"wpb_wrapper\">\n\t<div class=\"wpb_text_column wpb_content_element\" >\n\t\t<div class=\"wpb_wrapper\">\n\t\t\t<ul class=\"list-style-1\">\n<li><span style=\"color: #ffffff;\"> Contrats de service _ SUPPORT TECHNIQUE<\/span><\/li>\n<\/ul>\n\n\t\t<\/div>\n\t<\/div>\n<\/div><\/div><\/div><\/div>\n\t<div class=\"wpb_text_column wpb_content_element  vc_custom_1654255137799\" >\n\t\t<div class=\"wpb_wrapper\">\n\t\t\t<p><span style=\"color: #888888; font-size: 13px;\">Gagnez du temps en planifiant le service ici. Apr\u00e8s avoir soumis le formulaire, nous vous contacterons pour confirmer votre rendez-vous de service. Cela ne devient pas beaucoup plus facile que cela.<\/span><\/p>\n\n\t\t<\/div>\n\t<\/div>\n<\/div><\/div><\/div><div class=\"wpb_column vc_column_container vc_col-sm-4\"><div class=\"vc_column-inner vc_custom_1446703675847\"><div class=\"wpb_wrapper\">\n\t<div class=\"wpb_single_image wpb_content_element vc_align_left  vc_custom_1655139481033\">\n\t\t<div class=\"wpb_wrapper\">\n\t\t\t\n\t\t\t<a class=\"stm_fancybox\" href=\"https:\/\/deccaa.com\/wp-content\/uploads\/2022\/06\/WhatsApp-Image-2022-06-07-at-18.10.22-14-1.jpeg\" target=\"_self\"><div class=\"vc_single_image-wrapper   vc_box_border_grey\"><img loading=\"lazy\" decoding=\"async\" class=\"vc_single_image-img\" src=\"https:\/\/deccaa.com\/wp-content\/uploads\/2022\/06\/WhatsApp-Image-2022-06-07-at-18.10.22-14-1-350x205.jpeg\" width=\"350\" height=\"205\" alt=\"reparation_de_machine\" title=\"reparation_de_machine\" \/><\/div><\/a>\n\t\t<\/div>\n\t<\/div>\n\n\t<div class=\"wpb_single_image wpb_content_element vc_align_left\">\n\t\t<div class=\"wpb_wrapper\">\n\t\t\t\n\t\t\t<a class=\"stm_fancybox\" href=\"https:\/\/deccaa.com\/wp-content\/uploads\/2022\/06\/african-american-factory-worker-working-with-adept-robotic-arm-3.jpg\" target=\"_self\"><div class=\"vc_single_image-wrapper   vc_box_border_grey\"><img loading=\"lazy\" decoding=\"async\" class=\"vc_single_image-img\" src=\"https:\/\/deccaa.com\/wp-content\/uploads\/2022\/06\/african-american-factory-worker-working-with-adept-robotic-arm-3-350x205.jpg\" width=\"350\" height=\"205\" alt=\"African American factory worker working with adept robotic arm\" title=\"Services apr\u00e8s vente\" \/><\/div><\/a>\n\t\t<\/div>\n\t<\/div>\n<\/div><\/div><\/div><\/div><div class=\"vc_row wpb_row vc_row-fluid vc_custom_1446724426854\"><div class=\"wpb_column vc_column_container vc_col-sm-12\"><div class=\"vc_column-inner\"><div class=\"wpb_wrapper\">\n<div class=\"stm-service-layout-icon-box\">\n\t<div class=\"inner clearfix\">\n\t\t\t\t\t<div class=\"icon\">\n\t\t\t\t<i class=\"stm-icon-Tire_Wheel_Service2 stm-service-primary-color\" style=\"color:#1e73be;font-size:27px;\"><\/i>\n\t\t\t<\/div>\n\t\t\t\t\n\t\t<div class=\"icon-box-content\">\n\t\t\t\n\t\t\t\t\t\t\t<div class=\"title h4\">Solutions de remplacement de composants<\/div>\n\t\t\t\t\t\t\n\t\t\t\t\t\t\t<div class=\"content\">\n\t\t\t\t\t<p>Nos r\u00e9parations de composants couvrent les cylindres, les compresseurs, les essieux, les transmissions, les pompes, les soupapes, les moteurs, la t\u00eate rotative, les d\u00e9riveurs, l'entra\u00eenement des pompes, les moteurs \u00e9lectriques, les r\u00e9ducteurs m\u00e9caniques et les moteurs.<br \/>\nNous donnons une autre vie \u00e0 vos composants usag\u00e9s. Le principal avantage de la remise \u00e0 neuf est qu'en prolongeant la dur\u00e9e de vie \u00e9conomique, la p\u00e9riode de service est \u00e9galement prolong\u00e9e.<br \/>\nNos composants remis \u00e0 neuf pr\u00e9sentent les derni\u00e8res am\u00e9liorations de conception pour garantir des performances \u00e9gales ou sup\u00e9rieures \u00e0 celles de la pi\u00e8ce d'origine.<\/p>\n\t\t\t\t<\/div>\n\t\t\t\t\t<\/div>\n\t<\/div>\n<\/div><\/div><\/div><\/div><\/div><div class=\"vc_row wpb_row vc_row-fluid vc_custom_1446724488622\"><div class=\"wpb_column vc_column_container vc_col-sm-6\"><div class=\"vc_column-inner vc_custom_1446723952022\"><div class=\"wpb_wrapper\">\n<div class=\"stm-service-layout-icon-box\">\n\t<div class=\"inner clearfix\">\n\t\t\t\t\t<div class=\"icon\">\n\t\t\t\t<i class=\"stm-icon-Tire_Wheel stm-service-primary-color\" style=\"color:#dd3333;font-size:27px;\"><\/i>\n\t\t\t<\/div>\n\t\t\t\t\n\t\t<div class=\"icon-box-content\">\n\t\t\t\n\t\t\t\t\t\t\t<div class=\"title h4\">R\u00e9parations de machines<\/div>\n\t\t\t\t\t\t\n\t\t\t\t\t\t\t<div class=\"content\">\n\t\t\t\t\t<p>En plus de notre offre de reconstruction de composants, nous proposons \u00e9galement des services complets de reconstruction de machines, notamment\u00a0: des foreuses, des chargeurs, des camions miniers, des chariots t\u00e9lescopiques, des chariots \u00e9l\u00e9vateurs et des grues.<\/p>\n\t\t\t\t<\/div>\n\t\t\t\t\t<\/div>\n\t<\/div>\n<\/div><\/div><\/div><\/div><div class=\"wpb_column vc_column_container vc_col-sm-6\"><div class=\"vc_column-inner\"><div class=\"wpb_wrapper\">\n<div class=\"stm-service-layout-icon-box\">\n\t<div class=\"inner clearfix\">\n\t\t\t\t\t<div class=\"icon\">\n\t\t\t\t<i class=\"stm-icon-question stm-service-primary-color\" style=\"color:#ffffff;font-size:27px;\"><\/i>\n\t\t\t<\/div>\n\t\t\t\t\n\t\t<div class=\"icon-box-content\">\n\t\t\t\n\t\t\t\t\t\t\t<div class=\"title h4\">Contrats de service _ SUPPORT TECHNIQUE<\/div>\n\t\t\t\t\t\t\n\t\t\t\t\t\t\t<div class=\"content\">\n\t\t\t\t\t<p>Nous r\u00e9pondons aux besoins sp\u00e9cifiques de nos clients en offrant une large gamme d'ententes et de contrats de service. Nous fournissons un support apr\u00e8s-vente personnalis\u00e9 \u00e0 nos pr\u00e9cieux clients.<\/p>\n\t\t\t\t<\/div>\n\t\t\t\t\t<\/div>\n\t<\/div>\n<\/div><\/div><\/div><\/div><\/div><div class=\"vc_row wpb_row vc_row-fluid vc_custom_1446724488622\"><div class=\"wpb_column vc_column_container vc_col-sm-12\"><div class=\"vc_column-inner vc_custom_1446723952022\"><div class=\"wpb_wrapper\"><h3 style=\"text-align: left\" class=\"vc_custom_heading\" >SERVICE D'ENTRETIEN<\/h3><div class=\"vc_separator wpb_content_element vc_separator_align_center vc_sep_width_100 vc_sep_pos_align_center vc_separator_no_text vc_sep_color_grey vc_custom_1446719521258  vc_custom_1446719521258\" ><span class=\"vc_sep_holder vc_sep_holder_l\"><span  class=\"vc_sep_line\"><\/span><\/span><span class=\"vc_sep_holder vc_sep_holder_r\"><span  class=\"vc_sep_line\"><\/span><\/span>\n<\/div>\n<div class=\"stm-service-contact-us-form-wrapper\" >\n                    <div role=\"form\" class=\"wpcf7\" id=\"wpcf7-f225-o1\" lang=\"en-US\" dir=\"ltr\">\n<div class=\"screen-reader-response\"><p role=\"status\" aria-live=\"polite\" aria-atomic=\"true\"><\/p> <ul><\/ul><\/div>\n<form action=\"\/fr\/wp-json\/wp\/v2\/pages\/451#wpcf7-f225-o1\" method=\"post\" class=\"wpcf7-form init\" novalidate=\"novalidate\" data-status=\"init\" data-trp-original-action=\"\/fr\/wp-json\/wp\/v2\/pages\/451#wpcf7-f225-o1\">\n<div style=\"display: none;\">\n<input type=\"hidden\" name=\"_wpcf7\" value=\"225\" \/>\n<input type=\"hidden\" name=\"_wpcf7_version\" value=\"5.5.6.1\" \/>\n<input type=\"hidden\" name=\"_wpcf7_locale\" value=\"en_US\" \/>\n<input type=\"hidden\" name=\"_wpcf7_unit_tag\" value=\"wpcf7-f225-o1\" \/>\n<input type=\"hidden\" name=\"_wpcf7_container_post\" value=\"0\" \/>\n<input type=\"hidden\" name=\"_wpcf7_posted_data_hash\" value=\"\" \/>\n<\/div>\n<div class=\"row stm-forms-sm\">\n<div class=\"col-md-4 col-sm-4\">\n<div class=\"form-group\">\n<div class=\"form-label-small\">Nom<\/div>\n<p>         <span class=\"wpcf7-form-control-wrap your-name\"><input type=\"text\" name=\"your-name\" value=\"\" size=\"40\" class=\"wpcf7-form-control wpcf7-text wpcf7-validates-as-required\" aria-required=\"true\" aria-invalid=\"false\" \/><\/span>\n       <\/p><\/div>\n<\/div>\n<div class=\"col-md-4 col-sm-4\">\n<div class=\"form-group\">\n<div class=\"form-label-small\">Email<\/div>\n<p>         <span class=\"wpcf7-form-control-wrap your-email\"><input type=\"email\" name=\"your-email\" value=\"\" size=\"40\" class=\"wpcf7-form-control wpcf7-text wpcf7-email wpcf7-validates-as-required wpcf7-validates-as-email\" aria-required=\"true\" aria-invalid=\"false\" \/><\/span>\n       <\/p><\/div>\n<\/div>\n<div class=\"col-md-4 col-sm-4\">\n<div class=\"form-group\">\n<div class=\"form-label-small\">T\u00e9l\u00e9phone<\/div>\n<p>         <span class=\"wpcf7-form-control-wrap your-tel\"><input type=\"tel\" name=\"your-tel\" value=\"\" size=\"40\" class=\"wpcf7-form-control wpcf7-text wpcf7-tel wpcf7-validates-as-required wpcf7-validates-as-tel\" aria-required=\"true\" aria-invalid=\"false\" \/><\/span>\n       <\/p><\/div>\n<\/div>\n<\/div>\n<div class=\"row stm-forms-sm\">\n<div class=\"col-md-4 col-sm-4\">\n<div class=\"form-group\">\n<div class=\"form-label-small\">Marque\/Mod\u00e8le<\/div>\n<p>         <span class=\"wpcf7-form-control-wrap make-model\"><input type=\"text\" name=\"make-model\" value=\"\" size=\"40\" class=\"wpcf7-form-control wpcf7-text wpcf7-validates-as-required\" aria-required=\"true\" aria-invalid=\"false\" \/><\/span>\n       <\/p><\/div>\n<\/div>\n<div class=\"col-md-4 col-sm-4\">\n<div class=\"form-group\">\n<div class=\"form-label-small\">P\u00e9riode d'entretien<\/div>\n<div class=\"stm-datepicker-input-icon\">\n\t    <span class=\"wpcf7-form-control-wrap time\"><input type=\"text\" name=\"time\" value=\"\" size=\"40\" class=\"wpcf7-form-control wpcf7-text wpcf7-validates-as-required stm-date-timepicker\" aria-required=\"true\" aria-invalid=\"false\" \/><\/span>\n\t <\/div>\n<\/div>\n<\/div>\n<\/div>\n<hr class=\"form-hr\"\/>\n<div class=\"row\">\n<div class=\"col-md-4 col-sm-4\">\n<input type=\"submit\" value=\"Envoyer votre demande\" class=\"wpcf7-form-control has-spinner wpcf7-submit button-fluid\" \/>\n    <\/div>\n<div class=\"col-md-8 col-sm-8\">\n<div class=\"stm-form-alert\">\n          En soumettant ce formulaire, vous planifierez un rendez-vous de service sans engagement et serez contact\u00e9 dans les 48 heures par un conseiller de service.\n       <\/div>\n<\/div>\n<\/div>\n<div class=\"wpcf7-response-output\" aria-hidden=\"true\"><\/div><input type=\"hidden\" name=\"trp-form-language\" value=\"fr\"\/><\/form><\/div>    <\/div><\/div><\/div><\/div><\/div><div class=\"vc_row wpb_row vc_row-fluid vc_custom_1446724426854\"><div class=\"wpb_column vc_column_container vc_col-sm-12\"><div class=\"vc_column-inner\"><div class=\"wpb_wrapper\">\n<div class=\"stm-call-to-action heading-font\" style=\"background-color:#fab637\">\n\t<div class=\"clearfix\">\n\t\t<div class=\"call-to-action-content pull-left\">\n\t\t\t\t\t\t\t<div class=\"content\" style=\"color: #1d1f1f\">\n\t\t\t\t\t\t\t\t\t\t\t<i class=\"stm-icon-question\"><\/i>\n\t\t\t\t\t\t\t\t\t\t\t\t\t\t\tVous avez une question\u00a0? Contactez-nous!\t\t\t\t<\/div>\n\t\t\t\t\t<\/div>\n\t\t<div class=\"call-to-action-right\" style=\"color: #1d1f1f\">\n\n\t\t\t\n\t\t\t<div class=\"call-to-action-meta\" style=\"color: #1d1f1f\">\n\t\t\t\t\t\t\t\t\t<div class=\"content\">\n\t\t\t\t\t\t\t\t\t\t\t\t\t<i class=\"stm-icon-phone2\"><\/i>\n\t\t\t\t\t\t\t\t\t\t\t\t+226 71 13 26 79\t\t\t\t\t<\/div>\n\t\t\t\t\n\t\t\t<\/div>\n\t\t<\/div>\n\n\t<\/div>\n<\/div><\/div><\/div><\/div><\/div>","protected":false},"excerpt":{"rendered":"DECCAA AFTER-MARKET SOLUTIONS \ufeff Our aftermarket activities include a wide range of customized and competitively priced services for the inspection, maintenance and repair of your equipment. OUR SERVICES INCLUDE Component Reman Solutions Machine repairs Service contracts _ TECHNICAL SUPPORT Save yourself some time by scheduling service right here. After you submit the form, we'll be...","protected":false},"author":1,"featured_media":0,"parent":0,"menu_order":0,"comment_status":"closed","ping_status":"closed","template":"","meta":{"footnotes":""},"yst_prominent_words":[],"class_list":["post-451","page","type-page","status-publish","hentry"],"_links":{"self":[{"href":"https:\/\/deccaa.com\/fr\/wp-json\/wp\/v2\/pages\/451","targetHints":{"allow":["GET"]}}],"collection":[{"href":"https:\/\/deccaa.com\/fr\/wp-json\/wp\/v2\/pages"}],"about":[{"href":"https:\/\/deccaa.com\/fr\/wp-json\/wp\/v2\/types\/page"}],"author":[{"embeddable":true,"href":"https:\/\/deccaa.com\/fr\/wp-json\/wp\/v2\/users\/1"}],"replies":[{"embeddable":true,"href":"https:\/\/deccaa.com\/fr\/wp-json\/wp\/v2\/comments?post=451"}],"version-history":[{"count":9,"href":"https:\/\/deccaa.com\/fr\/wp-json\/wp\/v2\/pages\/451\/revisions"}],"predecessor-version":[{"id":718,"href":"https:\/\/deccaa.com\/fr\/wp-json\/wp\/v2\/pages\/451\/revisions\/718"}],"wp:attachment":[{"href":"https:\/\/deccaa.com\/fr\/wp-json\/wp\/v2\/media?parent=451"}],"wp:term":[{"taxonomy":"yst_prominent_words","embeddable":true,"href":"https:\/\/deccaa.com\/fr\/wp-json\/wp\/v2\/yst_prominent_words?post=451"}],"curies":[{"name":"wp","href":"https:\/\/api.w.org\/{rel}","templated":true}]}}