{"id":457,"date":"2022-07-20T14:54:15","date_gmt":"2022-07-20T12:54:15","guid":{"rendered":"https:\/\/deccaa.com\/?page_id=457"},"modified":"2022-07-20T18:08:32","modified_gmt":"2022-07-20T16:08:32","slug":"machinery-rental","status":"publish","type":"page","link":"https:\/\/deccaa.com\/fr\/machinery-rental\/","title":{"rendered":"Location de machines"},"content":{"rendered":"<div class=\"vc_row wpb_row vc_row-fluid vc_custom_1446724724284\"><div class=\"wpb_column vc_column_container vc_col-sm-8\"><div class=\"vc_column-inner vc_custom_1446724718390\"><div class=\"wpb_wrapper\">\n\t<div class=\"wpb_text_column wpb_content_element  vc_custom_1654256554886\" >\n\t\t<div class=\"wpb_wrapper\">\n\t\t\t<h2><span style=\"color: #FF0000;\">DECCAA<\/span> LOCATION DE MACHINES<\/h2>\n\n\t\t<\/div>\n\t<\/div>\n\n\t<div class=\"wpb_text_column wpb_content_element  vc_custom_1654686980931\" >\n\t\t<div class=\"wpb_wrapper\">\n\t\t\t<p><span style=\"color: #ffffff;\">Pour vous accompagner dans la r\u00e9alisation de vos projets, DECCA met \u00e0 votre disposition une large gamme de mat\u00e9riel de location :<br \/>\nEngins de terrassement, compresseurs d'air, levage, manutention, Tunnelier, groupes \u00e9lectrog\u00e8nes, Pompes \u00e0 eau, Unit\u00e9s modulaires, paysagistes, ainsi que des outils et petits \u00e9quipements pour le b\u00e2timent.<\/span><\/p>\n\n\t\t<\/div>\n\t<\/div>\n<div class=\"vc_row wpb_row vc_inner vc_row-fluid vc_custom_1446703897866\"><div class=\"wpb_column vc_column_container vc_col-sm-6\"><div class=\"vc_column-inner\"><div class=\"wpb_wrapper\">\n\t<div class=\"wpb_text_column wpb_content_element\" >\n\t\t<div class=\"wpb_wrapper\">\n\t\t\t<ul class=\"list-style-1\">\n<li><span style=\"color: #ffffff;\">Levage<\/span><\/li>\n<li><span style=\"color: #ffffff;\">Compresseurs d'air<\/span><\/li>\n<\/ul>\n\n\t\t<\/div>\n\t<\/div>\n<\/div><\/div><\/div><div class=\"wpb_column vc_column_container vc_col-sm-6\"><div class=\"vc_column-inner\"><div class=\"wpb_wrapper\">\n\t<div class=\"wpb_text_column wpb_content_element\" >\n\t\t<div class=\"wpb_wrapper\">\n\t\t\t<ul class=\"list-style-1\">\n<li><span style=\"color: #ffffff;\">Pompes \u00e0 eau<\/span><\/li>\n<li><span style=\"color: #ffffff;\">G\u00e9n\u00e9rateurs<\/span><\/li>\n<\/ul>\n\n\t\t<\/div>\n\t<\/div>\n<\/div><\/div><\/div><\/div><\/div><\/div><\/div><div class=\"wpb_column vc_column_container vc_col-sm-4\"><div class=\"vc_column-inner vc_custom_1446703675847\"><div class=\"wpb_wrapper\">\n\t<div class=\"wpb_single_image wpb_content_element vc_align_left\">\n\t\t<div class=\"wpb_wrapper\">\n\t\t\t\n\t\t\t<a class=\"stm_fancybox\" href=\"https:\/\/deccaa.com\/wp-content\/uploads\/2022\/06\/emergency-diesel-generator-marine-engine-safety-equipment-3.jpg\" target=\"_self\"><div class=\"vc_single_image-wrapper   vc_box_border_grey\"><img loading=\"lazy\" decoding=\"async\" class=\"vc_single_image-img\" src=\"https:\/\/deccaa.com\/wp-content\/uploads\/2022\/06\/emergency-diesel-generator-marine-engine-safety-equipment-3-350x205.jpg\" width=\"350\" height=\"205\" alt=\"Emergency Diesel generator. Marine engine. Safety equipment.\" title=\"location de G\u00e9n\u00e9rateur\" \/><\/div><\/a>\n\t\t<\/div>\n\t<\/div>\n<\/div><\/div><\/div><\/div><div class=\"vc_row wpb_row vc_row-fluid vc_custom_1446724426854\"><div class=\"wpb_column vc_column_container vc_col-sm-12\"><div class=\"vc_column-inner\"><div class=\"wpb_wrapper\">\n<div class=\"stm-call-to-action heading-font\" style=\"background-color:#fab637\">\n\t<div class=\"clearfix\">\n\t\t<div class=\"call-to-action-content pull-left\">\n\t\t\t\t\t\t\t<div class=\"content\" style=\"color: #1d1f1f\">\n\t\t\t\t\t\t\t\t\t\t\t<i class=\"stm-icon-question\"><\/i>\n\t\t\t\t\t\t\t\t\t\t\t\t\t\t\tVous avez une question\u00a0? Contactez-nous!\t\t\t\t<\/div>\n\t\t\t\t\t<\/div>\n\t\t<div class=\"call-to-action-right\" style=\"color: #1d1f1f\">\n\n\t\t\t\n\t\t\t<div class=\"call-to-action-meta\" style=\"color: #1d1f1f\">\n\t\t\t\t\t\t\t\t\t<div class=\"content\">\n\t\t\t\t\t\t\t\t\t\t\t\t\t<i class=\"stm-icon-phone2\"><\/i>\n\t\t\t\t\t\t\t\t\t\t\t\t+226 71 13 26 79\t\t\t\t\t<\/div>\n\t\t\t\t\n\t\t\t<\/div>\n\t\t<\/div>\n\n\t<\/div>\n<\/div><\/div><\/div><\/div><\/div>","protected":false},"excerpt":{"rendered":"DECCAA MACHINERY RENTAL To support you in the realization of your projects, DECCA provides you with a wide range of rental equipment: Earth-moving equipment, compressors air, lifting, handling, Tunneling Equipment, generators, Water pumps, Modular units, landscaping, along with tools and small equipment for building. Lifting Air compressors Water pumps Generators Have a Questions? Call Today!...","protected":false},"author":1,"featured_media":0,"parent":0,"menu_order":0,"comment_status":"closed","ping_status":"closed","template":"","meta":{"footnotes":""},"yst_prominent_words":[],"class_list":["post-457","page","type-page","status-publish","hentry"],"_links":{"self":[{"href":"https:\/\/deccaa.com\/fr\/wp-json\/wp\/v2\/pages\/457","targetHints":{"allow":["GET"]}}],"collection":[{"href":"https:\/\/deccaa.com\/fr\/wp-json\/wp\/v2\/pages"}],"about":[{"href":"https:\/\/deccaa.com\/fr\/wp-json\/wp\/v2\/types\/page"}],"author":[{"embeddable":true,"href":"https:\/\/deccaa.com\/fr\/wp-json\/wp\/v2\/users\/1"}],"replies":[{"embeddable":true,"href":"https:\/\/deccaa.com\/fr\/wp-json\/wp\/v2\/comments?post=457"}],"version-history":[{"count":4,"href":"https:\/\/deccaa.com\/fr\/wp-json\/wp\/v2\/pages\/457\/revisions"}],"predecessor-version":[{"id":683,"href":"https:\/\/deccaa.com\/fr\/wp-json\/wp\/v2\/pages\/457\/revisions\/683"}],"wp:attachment":[{"href":"https:\/\/deccaa.com\/fr\/wp-json\/wp\/v2\/media?parent=457"}],"wp:term":[{"taxonomy":"yst_prominent_words","embeddable":true,"href":"https:\/\/deccaa.com\/fr\/wp-json\/wp\/v2\/yst_prominent_words?post=457"}],"curies":[{"name":"wp","href":"https:\/\/api.w.org\/{rel}","templated":true}]}}