{"id":458,"date":"2022-07-20T14:55:06","date_gmt":"2022-07-20T12:55:06","guid":{"rendered":"https:\/\/deccaa.com\/?page_id=458"},"modified":"2022-07-20T18:08:50","modified_gmt":"2022-07-20T16:08:50","slug":"other-services","status":"publish","type":"page","link":"https:\/\/deccaa.com\/fr\/other-services\/","title":{"rendered":"Autres services"},"content":{"rendered":"<div class=\"vc_row wpb_row vc_row-fluid vc_custom_1446724724284\"><div class=\"wpb_column vc_column_container vc_col-sm-8\"><div class=\"vc_column-inner vc_custom_1446724718390\"><div class=\"wpb_wrapper\">\n\t<div class=\"wpb_text_column wpb_content_element  vc_custom_1654266214667\" >\n\t\t<div class=\"wpb_wrapper\">\n\t\t\t<h2><span style=\"color: #FF0000;\">DECCAA<\/span> AUTRES SERVICES<\/h2>\n\n\t\t<\/div>\n\t<\/div>\n\n\t<div class=\"wpb_text_column wpb_content_element  vc_custom_1654626362973\" >\n\t\t<div class=\"wpb_wrapper\">\n\t\t\t<p><span style=\"color: #ffffff;\">DECCA propose des services d'ing\u00e9nierie et de forage ascendants personnalis\u00e9s \u00e0 l'industrie mini\u00e8re dans toute l'Afrique de l'Ouest.<\/span><\/p>\n\n\t\t<\/div>\n\t<\/div>\n<h4 style=\"text-align: left\" class=\"vc_custom_heading vc_custom_1654266655170\" >NOS SERVICES COMPRENNENT<\/h4><div class=\"vc_row wpb_row vc_inner vc_row-fluid vc_custom_1446703897866\"><div class=\"wpb_column vc_column_container vc_col-sm-6\"><div class=\"vc_column-inner\"><div class=\"wpb_wrapper\">\n\t<div class=\"wpb_text_column wpb_content_element\" >\n\t\t<div class=\"wpb_wrapper\">\n\t\t\t<ul class=\"list-style-1\">\n<li><span style=\"color: #ffffff;\">Equipement de forage ascendants<\/span><\/li>\n<li><span style=\"color: #ffffff;\">Services de forage<\/span><\/li>\n<\/ul>\n\n\t\t<\/div>\n\t<\/div>\n<\/div><\/div><\/div><div class=\"wpb_column vc_column_container vc_col-sm-6\"><div class=\"vc_column-inner\"><div class=\"wpb_wrapper\">\n\t<div class=\"wpb_text_column wpb_content_element\" >\n\t\t<div class=\"wpb_wrapper\">\n\t\t\t<ul class=\"list-style-1\">\n<li><span style=\"color: #ffffff;\">Exploration<\/span><\/li>\n<li><span style=\"color: #ffffff;\">Construction<\/span><\/li>\n<\/ul>\n\n\t\t<\/div>\n\t<\/div>\n<\/div><\/div><\/div><\/div><\/div><\/div><\/div><div class=\"wpb_column vc_column_container vc_col-sm-4\"><div class=\"vc_column-inner vc_custom_1446703675847\"><div class=\"wpb_wrapper\">\n\t<div class=\"wpb_single_image wpb_content_element vc_align_left\">\n\t\t<div class=\"wpb_wrapper\">\n\t\t\t\n\t\t\t<a class=\"stm_fancybox\" href=\"https:\/\/deccaa.com\/wp-content\/uploads\/2022\/06\/WhatsApp-Image-2022-06-07-at-18.10.22-2.jpeg\" target=\"_self\"><div class=\"vc_single_image-wrapper   vc_box_border_grey\"><img loading=\"lazy\" decoding=\"async\" class=\"vc_single_image-img\" src=\"https:\/\/deccaa.com\/wp-content\/uploads\/2022\/06\/WhatsApp-Image-2022-06-07-at-18.10.22-2-350x205.jpeg\" width=\"350\" height=\"205\" alt=\"WhatsApp Image 2022-06-07 at 18.10.22 (2)\" title=\"WhatsApp Image 2022-06-07 at 18.10.22 (2)\" \/><\/div><\/a>\n\t\t<\/div>\n\t<\/div>\n<\/div><\/div><\/div><\/div><div class=\"vc_row wpb_row vc_row-fluid vc_custom_1446724426854\"><div class=\"wpb_column vc_column_container vc_col-sm-12\"><div class=\"vc_column-inner\"><div class=\"wpb_wrapper\">\n<div class=\"stm-call-to-action heading-font\" style=\"background-color:#fab637\">\n\t<div class=\"clearfix\">\n\t\t<div class=\"call-to-action-content pull-left\">\n\t\t\t\t\t\t\t<div class=\"content\" style=\"color: #1d1f1f\">\n\t\t\t\t\t\t\t\t\t\t\t<i class=\"stm-icon-question\"><\/i>\n\t\t\t\t\t\t\t\t\t\t\t\t\t\t\tVous avez une question\u00a0? Contactez-nous!\t\t\t\t<\/div>\n\t\t\t\t\t<\/div>\n\t\t<div class=\"call-to-action-right\" style=\"color: #1d1f1f\">\n\n\t\t\t\n\t\t\t<div class=\"call-to-action-meta\" style=\"color: #1d1f1f\">\n\t\t\t\t\t\t\t\t\t<div class=\"content\">\n\t\t\t\t\t\t\t\t\t\t\t\t\t<i class=\"stm-icon-phone2\"><\/i>\n\t\t\t\t\t\t\t\t\t\t\t\t+226 71 13 26 79\t\t\t\t\t<\/div>\n\t\t\t\t\n\t\t\t<\/div>\n\t\t<\/div>\n\n\t<\/div>\n<\/div><\/div><\/div><\/div><\/div>","protected":false},"excerpt":{"rendered":"DECCAA OTHER SERVICES DECCA offers customised engineering and Raiseboring services to the mining industry throughout West Africa. THIS SERVICE INCLUDE Raiseboring equipment Drilling services Exploration Construction Have a Questions? Call Today! +226 71 13 26 79","protected":false},"author":1,"featured_media":0,"parent":0,"menu_order":0,"comment_status":"closed","ping_status":"closed","template":"","meta":{"footnotes":""},"yst_prominent_words":[],"class_list":["post-458","page","type-page","status-publish","hentry"],"_links":{"self":[{"href":"https:\/\/deccaa.com\/fr\/wp-json\/wp\/v2\/pages\/458","targetHints":{"allow":["GET"]}}],"collection":[{"href":"https:\/\/deccaa.com\/fr\/wp-json\/wp\/v2\/pages"}],"about":[{"href":"https:\/\/deccaa.com\/fr\/wp-json\/wp\/v2\/types\/page"}],"author":[{"embeddable":true,"href":"https:\/\/deccaa.com\/fr\/wp-json\/wp\/v2\/users\/1"}],"replies":[{"embeddable":true,"href":"https:\/\/deccaa.com\/fr\/wp-json\/wp\/v2\/comments?post=458"}],"version-history":[{"count":6,"href":"https:\/\/deccaa.com\/fr\/wp-json\/wp\/v2\/pages\/458\/revisions"}],"predecessor-version":[{"id":654,"href":"https:\/\/deccaa.com\/fr\/wp-json\/wp\/v2\/pages\/458\/revisions\/654"}],"wp:attachment":[{"href":"https:\/\/deccaa.com\/fr\/wp-json\/wp\/v2\/media?parent=458"}],"wp:term":[{"taxonomy":"yst_prominent_words","embeddable":true,"href":"https:\/\/deccaa.com\/fr\/wp-json\/wp\/v2\/yst_prominent_words?post=458"}],"curies":[{"name":"wp","href":"https:\/\/api.w.org\/{rel}","templated":true}]}}