{"id":684,"date":"2022-07-20T13:34:55","date_gmt":"2022-07-20T11:34:55","guid":{"rendered":"https:\/\/deccaa.com\/?page_id=684"},"modified":"2023-02-28T19:41:55","modified_gmt":"2023-02-28T18:41:55","slug":"products","status":"publish","type":"page","link":"https:\/\/deccaa.com\/fr\/products\/","title":{"rendered":"Produits"},"content":{"rendered":"<div id=\"components\" class=\"vc_row wpb_row vc_row-fluid vc_custom_1654688266257\"><div class=\"wpb_column vc_column_container vc_col-sm-8\"><div class=\"vc_column-inner vc_custom_1446724718390\"><div class=\"wpb_wrapper\">\n\t<div class=\"wpb_text_column wpb_content_element  vc_custom_1654688426119\" >\n\t\t<div class=\"wpb_wrapper\">\n\t\t\t<h2><span style=\"color: #FF0000;\">COMPOSANTS<\/span><\/h2>\n\n\t\t<\/div>\n\t<\/div>\n\n\t<div class=\"wpb_text_column wpb_content_element  vc_custom_1654688460510\" >\n\t\t<div class=\"wpb_wrapper\">\n\t\t\t<p><span style=\"color: #ffffff;\">Nous fournissons des composants majeurs pour divers \u00e9quipements de nombreux secteurs\u00a0: mines souterraines, mines \u00e0 ciel ouvert, engins de construction, unit\u00e9s de levage, \u00e9quipements de manutention, militaires, etc.<br \/>\nNous offrons une source unique d'approvisionnement pour vos Essieux, Transmissions, Moteurs, Compresseurs, Drifters, Cylindres, T\u00eates Rotatives, Pompes, Vannes et Moteurs, Pompes d'entra\u00eenement, R\u00e9ducteurs et bo\u00eetes de vitesses<br \/>\n<\/span><\/p>\n\n\t\t<\/div>\n\t<\/div>\n<h4 style=\"text-align: left\" class=\"vc_custom_heading vc_custom_1654688488270\" >Les marques que nous fournissons sont :<\/h4><div class=\"vc_row wpb_row vc_inner vc_row-fluid vc_custom_1446703897866\"><div class=\"wpb_column vc_column_container vc_col-sm-4\"><div class=\"vc_column-inner\"><div class=\"wpb_wrapper\">\n\t<div class=\"wpb_text_column wpb_content_element\" >\n\t\t<div class=\"wpb_wrapper\">\n\t\t\t<ul class=\"list-style-1\">\n<li><span style=\"color: #ffffff;\">ALLISON<\/span><\/li>\n<li><span style=\"color: #ffffff;\">DANA SPICER<\/span><\/li>\n<li><span style=\"color: #ffffff;\">KESSLER<\/span><\/li>\n<li><span style=\"color: #ffffff;\">ZF<\/span><\/li>\n<li><span style=\"color: #ffffff;\">CUMMINS<\/span><\/li>\n<\/ul>\n\n\t\t<\/div>\n\t<\/div>\n<\/div><\/div><\/div><div class=\"wpb_column vc_column_container vc_col-sm-4\"><div class=\"vc_column-inner\"><div class=\"wpb_wrapper\">\n\t<div class=\"wpb_text_column wpb_content_element\" >\n\t\t<div class=\"wpb_wrapper\">\n\t\t\t<ul class=\"list-style-1\">\n<li><span style=\"color: #ffffff;\">DETROIT DIESEL<\/span><\/li>\n<li><span style=\"color: #ffffff;\">DEUTZ<\/span><\/li>\n<li><span style=\"color: #ffffff;\">KUBOTA<\/span><\/li>\n<li><span style=\"color: #ffffff;\">EPIROC<\/span><\/li>\n<li><span style=\"color: #ffffff;\">SANDVIK<\/span><\/li>\n<\/ul>\n\n\t\t<\/div>\n\t<\/div>\n<\/div><\/div><\/div><div class=\"wpb_column vc_column_container vc_col-sm-4\"><div class=\"vc_column-inner\"><div class=\"wpb_wrapper\">\n\t<div class=\"wpb_text_column wpb_content_element\" >\n\t\t<div class=\"wpb_wrapper\">\n\t\t\t<ul class=\"list-style-1\">\n<li><span style=\"color: #ffffff;\">CATERPILLAR<\/span><\/li>\n<li><span style=\"color: #ffffff;\">KOMATSU<\/span><\/li>\n<li><span style=\"color: #ffffff;\">VOLVO<\/span><\/li>\n<li><span style=\"color: #ffffff;\">ATLAS COPCO<\/span><\/li>\n<li><span style=\"color: #ffffff;\">TEREX<\/span><\/li>\n<\/ul>\n\n\t\t<\/div>\n\t<\/div>\n<\/div><\/div><\/div><\/div><\/div><\/div><\/div><div class=\"wpb_column vc_column_container vc_col-sm-4\"><div class=\"vc_column-inner vc_custom_1446703675847\"><div class=\"wpb_wrapper\">\n\t<div class=\"wpb_single_image wpb_content_element vc_align_left  vc_custom_1654691416853\">\n\t\t<div class=\"wpb_wrapper\">\n\t\t\t\n\t\t\t<a class=\"stm_fancybox\" href=\"https:\/\/deccaa.com\/wp-content\/uploads\/2022\/06\/tcd_7_8_ind_5-w1300_h650_q85_c_u-1024x512.jpeg\" target=\"_self\"><div class=\"vc_single_image-wrapper   vc_box_border_grey\"><img loading=\"lazy\" decoding=\"async\" class=\"vc_single_image-img\" src=\"https:\/\/deccaa.com\/wp-content\/uploads\/2022\/06\/tcd_7_8_ind_5-w1300_h650_q85_c_u-350x205.jpeg\" width=\"350\" height=\"205\" alt=\"tcd_7_8_ind_5-w1300_h650_q85_c_u\" title=\"tcd_7_8_ind_5-w1300_h650_q85_c_u\" \/><\/div><\/a>\n\t\t<\/div>\n\t<\/div>\n\n\t<div class=\"wpb_single_image wpb_content_element vc_align_left\">\n\t\t<div class=\"wpb_wrapper\">\n\t\t\t\n\t\t\t<a class=\"stm_fancybox\" href=\"https:\/\/deccaa.com\/wp-content\/uploads\/2022\/06\/2020-06-01-1-1024x797.jpg\" target=\"_self\"><div class=\"vc_single_image-wrapper   vc_box_border_grey\"><img loading=\"lazy\" decoding=\"async\" class=\"vc_single_image-img\" src=\"https:\/\/deccaa.com\/wp-content\/uploads\/2022\/06\/2020-06-01-1-350x205.jpg\" width=\"350\" height=\"205\" alt=\"2020-06-01\" title=\"2020-06-01\" \/><\/div><\/a>\n\t\t<\/div>\n\t<\/div>\n<\/div><\/div><\/div><\/div><div class=\"vc_row wpb_row vc_row-fluid vc_custom_1446724426854\"><div class=\"wpb_column vc_column_container vc_col-sm-12\"><div class=\"vc_column-inner\"><div class=\"wpb_wrapper\"><div class=\"vc_separator wpb_content_element vc_separator_align_center vc_sep_width_100 vc_sep_border_width_2 vc_sep_pos_align_center vc_separator_no_text vc_sep_color_grey\" ><span class=\"vc_sep_holder vc_sep_holder_l\"><span  class=\"vc_sep_line\"><\/span><\/span><span class=\"vc_sep_holder vc_sep_holder_r\"><span  class=\"vc_sep_line\"><\/span><\/span>\n<\/div><\/div><\/div><\/div><\/div><div id=\"spare\" class=\"vc_row wpb_row vc_row-fluid vc_custom_1654688832541\"><div class=\"wpb_column vc_column_container vc_col-sm-4\"><div class=\"vc_column-inner vc_custom_1446703675847\"><div class=\"wpb_wrapper\">\n\t<div class=\"wpb_single_image wpb_content_element vc_align_left  vc_custom_1654690500518\">\n\t\t<div class=\"wpb_wrapper\">\n\t\t\t\n\t\t\t<a class=\"stm_fancybox\" href=\"https:\/\/deccaa.com\/wp-content\/uploads\/2022\/06\/hydraulic-cylinder-price-in-india.jpg\" target=\"_self\"><div class=\"vc_single_image-wrapper   vc_box_border_grey\"><img loading=\"lazy\" decoding=\"async\" class=\"vc_single_image-img\" src=\"https:\/\/deccaa.com\/wp-content\/uploads\/2022\/06\/hydraulic-cylinder-price-in-india-350x205.jpg\" width=\"350\" height=\"205\" alt=\"hydraulic cylinder price in india\" title=\"hydraulic cylinder price in india\" \/><\/div><\/a>\n\t\t<\/div>\n\t<\/div>\n\n\t<div class=\"wpb_single_image wpb_content_element vc_align_left\">\n\t\t<div class=\"wpb_wrapper\">\n\t\t\t\n\t\t\t<a class=\"stm_fancybox\" href=\"https:\/\/deccaa.com\/wp-content\/uploads\/2022\/06\/COP_1238K_new_connector.webp\" target=\"_self\"><div class=\"vc_single_image-wrapper   vc_box_border_grey\"><img loading=\"lazy\" decoding=\"async\" class=\"vc_single_image-img\" src=\"https:\/\/deccaa.com\/wp-content\/uploads\/2022\/06\/COP_1238K_new_connector-350x205.webp\" width=\"350\" height=\"205\" alt=\"COP_1238K_new_connector\" title=\"COP_1238K_new_connector\" \/><\/div><\/a>\n\t\t<\/div>\n\t<\/div>\n<\/div><\/div><\/div><div class=\"wpb_column vc_column_container vc_col-sm-8\"><div class=\"vc_column-inner vc_custom_1446724718390\"><div class=\"wpb_wrapper\">\n\t<div class=\"wpb_text_column wpb_content_element  vc_custom_1654688814237\" >\n\t\t<div class=\"wpb_wrapper\">\n\t\t\t<h2><span style=\"color: #ff0000;\">PI\u00c8CES DE RECHANGE ET CONSOMMABLES<\/span><\/h2>\n\n\t\t<\/div>\n\t<\/div>\n\n\t<div class=\"wpb_text_column wpb_content_element  vc_custom_1654688862985\" >\n\t\t<div class=\"wpb_wrapper\">\n\t\t\t<p><span style=\"color: #ffffff;\">Nous fournissons \u00e9galement des pi\u00e8ces d'origine, ce qui vous permet d'allonger les intervalles de maintenance et de r\u00e9duire consid\u00e9rablement le risque d'immobilisation de votre \u00e9quipement. Avec une disponibilit\u00e9 mondiale des pi\u00e8ces de 85\u00a0%, DECCA dispose d'un vaste r\u00e9seau et d'une grande exp\u00e9rience logistique et nous garantissons la disponibilit\u00e9 des pi\u00e8ces d'origine \u00e0 tout moment et n'importe o\u00f9.<\/span><\/p>\n\n\t\t<\/div>\n\t<\/div>\n<div class=\"vc_row wpb_row vc_inner vc_row-fluid vc_custom_1446703897866\"><div class=\"wpb_column vc_column_container vc_col-sm-6\"><div class=\"vc_column-inner\"><div class=\"wpb_wrapper\">\n\t<div class=\"wpb_single_image wpb_content_element vc_align_left\">\n\t\t<div class=\"wpb_wrapper\">\n\t\t\t\n\t\t\t<div class=\"vc_single_image-wrapper   vc_box_border_grey\"><img loading=\"lazy\" decoding=\"async\" width=\"598\" height=\"416\" src=\"https:\/\/deccaa.com\/wp-content\/uploads\/2022\/06\/Dana___Spicer_M30_Modular_Axle-Copie.png\" class=\"vc_single_image-img attachment-full\" alt=\"\" srcset=\"https:\/\/deccaa.com\/wp-content\/uploads\/2022\/06\/Dana___Spicer_M30_Modular_Axle-Copie.png 598w, https:\/\/deccaa.com\/wp-content\/uploads\/2022\/06\/Dana___Spicer_M30_Modular_Axle-Copie-300x209.png 300w, https:\/\/deccaa.com\/wp-content\/uploads\/2022\/06\/Dana___Spicer_M30_Modular_Axle-Copie-18x12.png 18w, https:\/\/deccaa.com\/wp-content\/uploads\/2022\/06\/Dana___Spicer_M30_Modular_Axle-Copie-190x132.png 190w\" sizes=\"auto, (max-width: 598px) 100vw, 598px\" \/><\/div>\n\t\t<\/div>\n\t<\/div>\n<\/div><\/div><\/div><div class=\"wpb_column vc_column_container vc_col-sm-6\"><div class=\"vc_column-inner\"><div class=\"wpb_wrapper\">\n\t<div class=\"wpb_single_image wpb_content_element vc_align_left\">\n\t\t<div class=\"wpb_wrapper\">\n\t\t\t\n\t\t\t<div class=\"vc_single_image-wrapper   vc_box_border_grey\"><img loading=\"lazy\" decoding=\"async\" width=\"513\" height=\"342\" src=\"https:\/\/deccaa.com\/wp-content\/uploads\/2022\/06\/car-parts-Copie-4.jpg\" class=\"vc_single_image-img attachment-full\" alt=\"\" srcset=\"https:\/\/deccaa.com\/wp-content\/uploads\/2022\/06\/car-parts-Copie-4.jpg 513w, https:\/\/deccaa.com\/wp-content\/uploads\/2022\/06\/car-parts-Copie-4-300x200.jpg 300w, https:\/\/deccaa.com\/wp-content\/uploads\/2022\/06\/car-parts-Copie-4-18x12.jpg 18w, https:\/\/deccaa.com\/wp-content\/uploads\/2022\/06\/car-parts-Copie-4-100x68.jpg 100w\" sizes=\"auto, (max-width: 513px) 100vw, 513px\" \/><\/div>\n\t\t<\/div>\n\t<\/div>\n<\/div><\/div><\/div><\/div><\/div><\/div><\/div><\/div><div class=\"vc_row wpb_row vc_row-fluid vc_custom_1446724426854\"><div class=\"wpb_column vc_column_container vc_col-sm-12\"><div class=\"vc_column-inner\"><div class=\"wpb_wrapper\"><div class=\"vc_separator wpb_content_element vc_separator_align_center vc_sep_width_100 vc_sep_border_width_2 vc_sep_pos_align_center vc_separator_no_text vc_sep_color_grey\" ><span class=\"vc_sep_holder vc_sep_holder_l\"><span  class=\"vc_sep_line\"><\/span><\/span><span class=\"vc_sep_holder vc_sep_holder_r\"><span  class=\"vc_sep_line\"><\/span><\/span>\n<\/div><\/div><\/div><\/div><\/div><div id=\"elect\" class=\"vc_row wpb_row vc_row-fluid vc_custom_1654690114008\"><div class=\"wpb_column vc_column_container vc_col-sm-8\"><div class=\"vc_column-inner vc_custom_1446724718390\"><div class=\"wpb_wrapper\">\n\t<div class=\"wpb_text_column wpb_content_element  vc_custom_1654690031963\" >\n\t\t<div class=\"wpb_wrapper\">\n\t\t\t<h2><span style=\"color: #ff0000;\">ELECTRICITE &amp; ELECTRONIQUE<\/span><\/h2>\n\n\t\t<\/div>\n\t<\/div>\n\n\t<div class=\"wpb_text_column wpb_content_element  vc_custom_1654689173231\" >\n\t\t<div class=\"wpb_wrapper\">\n\t\t\t<p><span style=\"color: #ffffff;\">Nous fournissons des produits de confiance avec des solutions pour des applications exigeantes o\u00f9 la fiabilit\u00e9 et les performances sont essentielles. Stock\u00e9s dans une gamme de produits, nos fils et c\u00e2bles miniers offrent un degr\u00e9 optimal de fiabilit\u00e9 pour toutes les applications \u00e9nerg\u00e9tiques.<\/p>\n<p>Nos clients peuvent nous faire confiance pour la livraison de :<br \/>\n<\/span><\/p>\n\n\t\t<\/div>\n\t<\/div>\n<div class=\"vc_row wpb_row vc_inner vc_row-fluid vc_custom_1446703897866\"><div class=\"wpb_column vc_column_container vc_col-sm-6\"><div class=\"vc_column-inner\"><div class=\"wpb_wrapper\">\n\t<div class=\"wpb_text_column wpb_content_element\" >\n\t\t<div class=\"wpb_wrapper\">\n\t\t\t<ul class=\"list-style-1\">\n<li><span style=\"color: #ffffff;\">Moteurs \u00e9lectriques<\/span><\/li>\n<li><span style=\"color: #ffffff;\">Moteurs \u00e9lectriques<\/span><\/li>\n<li><span style=\"color: #ffffff;\">C\u00e2bles d'alimentation<\/span><\/li>\n<li><span style=\"color: #ffffff;\">C\u00e2bles de composants<\/span><\/li>\n<li><span style=\"color: #ffffff;\">Fibre optique<\/span><\/li>\n<li><span style=\"color: #ffffff;\">Accessoires et connecteurs<\/span><\/li>\n<\/ul>\n\n\t\t<\/div>\n\t<\/div>\n<\/div><\/div><\/div><div class=\"wpb_column vc_column_container vc_col-sm-6\"><div class=\"vc_column-inner\"><div class=\"wpb_wrapper\">\n\t<div class=\"wpb_text_column wpb_content_element\" >\n\t\t<div class=\"wpb_wrapper\">\n\t\t\t<ul class=\"list-style-1\">\n<li><span style=\"color: #ffffff;\">Armoire \u00e9lectrique<\/span><\/li>\n<li><span style=\"color: #ffffff;\">Gaine m\u00e9tallique<\/span><\/li>\n<li><span style=\"color: #ffffff;\">Solutions de contr\u00f4le du mouvement<\/span><\/li>\n<li><span style=\"color: #ffffff;\">Instrumentation<\/span><\/li>\n<li><span style=\"color: #ffffff;\">Composants \u00e9lectriques<\/span><\/li>\n<li><span style=\"color: #ffffff;\">Conduites <\/span><\/li>\n<\/ul>\n\n\t\t<\/div>\n\t<\/div>\n<\/div><\/div><\/div><\/div><\/div><\/div><\/div><div class=\"wpb_column vc_column_container vc_col-sm-4\"><div class=\"vc_column-inner vc_custom_1446703675847\"><div class=\"wpb_wrapper\">\n\t<div class=\"wpb_single_image wpb_content_element vc_align_left  vc_custom_1677609423738\">\n\t\t<div class=\"wpb_wrapper\">\n\t\t\t\n\t\t\t<a class=\"stm_fancybox\" href=\"https:\/\/deccaa.com\/wp-content\/uploads\/2023\/02\/Deccaa-2.png.jpg\" target=\"_self\"><div class=\"vc_single_image-wrapper   vc_box_border_grey\"><img loading=\"lazy\" decoding=\"async\" class=\"vc_single_image-img\" src=\"https:\/\/deccaa.com\/wp-content\/uploads\/2023\/02\/Deccaa-2.png-350x205.jpg\" width=\"350\" height=\"205\" alt=\"Deccaa 2.png\" title=\"Deccaa 2.png\" \/><\/div><\/a>\n\t\t<\/div>\n\t<\/div>\n\n\t<div class=\"wpb_single_image wpb_content_element vc_align_left\">\n\t\t<div class=\"wpb_wrapper\">\n\t\t\t\n\t\t\t<a class=\"stm_fancybox\" href=\"https:\/\/deccaa.com\/wp-content\/uploads\/2023\/02\/Deccaa-1.png\" target=\"_self\"><div class=\"vc_single_image-wrapper   vc_box_border_grey\"><img loading=\"lazy\" decoding=\"async\" class=\"vc_single_image-img\" src=\"https:\/\/deccaa.com\/wp-content\/uploads\/2023\/02\/Deccaa-1-350x205.png\" width=\"350\" height=\"205\" alt=\"Deccaa 1\" title=\"Deccaa 1\" \/><\/div><\/a>\n\t\t<\/div>\n\t<\/div>\n<\/div><\/div><\/div><\/div><div class=\"vc_row wpb_row vc_row-fluid vc_custom_1446724426854\"><div class=\"wpb_column vc_column_container vc_col-sm-12\"><div class=\"vc_column-inner\"><div class=\"wpb_wrapper\"><div class=\"vc_separator wpb_content_element vc_separator_align_center vc_sep_width_100 vc_sep_border_width_2 vc_sep_pos_align_center vc_separator_no_text vc_sep_color_grey\" ><span class=\"vc_sep_holder vc_sep_holder_l\"><span  class=\"vc_sep_line\"><\/span><\/span><span class=\"vc_sep_holder vc_sep_holder_r\"><span  class=\"vc_sep_line\"><\/span><\/span>\n<\/div><\/div><\/div><\/div><\/div><div id=\"machinery\" class=\"vc_row wpb_row vc_row-fluid vc_custom_1654690097560\"><div class=\"wpb_column vc_column_container vc_col-sm-4\"><div class=\"vc_column-inner vc_custom_1446703675847\"><div class=\"wpb_wrapper\">\n\t<div class=\"wpb_single_image wpb_content_element vc_align_left  vc_custom_1654691467686\">\n\t\t<div class=\"wpb_wrapper\">\n\t\t\t\n\t\t\t<a class=\"stm_fancybox\" href=\"https:\/\/deccaa.com\/wp-content\/uploads\/2022\/06\/2795471-Copie-3.jpeg\" target=\"_self\"><div class=\"vc_single_image-wrapper   vc_box_border_grey\"><img loading=\"lazy\" decoding=\"async\" class=\"vc_single_image-img\" src=\"https:\/\/deccaa.com\/wp-content\/uploads\/2022\/06\/2795471-Copie-3-350x205.jpeg\" width=\"350\" height=\"205\" alt=\"2795471 - Copie\" title=\"2795471 - Copie\" \/><\/div><\/a>\n\t\t<\/div>\n\t<\/div>\n\n\t<div class=\"wpb_single_image wpb_content_element vc_align_left\">\n\t\t<div class=\"wpb_wrapper\">\n\t\t\t\n\t\t\t<a class=\"stm_fancybox\" href=\"https:\/\/deccaa.com\/wp-content\/uploads\/2022\/06\/WhatsApp-Image-2022-06-07-at-18.10.22-11.jpeg\" target=\"_self\"><div class=\"vc_single_image-wrapper   vc_box_border_grey\"><img loading=\"lazy\" decoding=\"async\" class=\"vc_single_image-img\" src=\"https:\/\/deccaa.com\/wp-content\/uploads\/2022\/06\/WhatsApp-Image-2022-06-07-at-18.10.22-11-350x205.jpeg\" width=\"350\" height=\"205\" alt=\"WhatsApp Image 2022-06-07 at 18.10.22 (11)\" title=\"WhatsApp Image 2022-06-07 at 18.10.22 (11)\" \/><\/div><\/a>\n\t\t<\/div>\n\t<\/div>\n<\/div><\/div><\/div><div class=\"wpb_column vc_column_container vc_col-sm-8\"><div class=\"vc_column-inner vc_custom_1446724718390\"><div class=\"wpb_wrapper\">\n\t<div class=\"wpb_text_column wpb_content_element  vc_custom_1654690055192\" >\n\t\t<div class=\"wpb_wrapper\">\n\t\t\t<h2><span style=\"color: #ff0000;\">MACHINERIE<\/span><\/h2>\n\n\t\t<\/div>\n\t<\/div>\n\n\t<div class=\"wpb_text_column wpb_content_element  vc_custom_1654690074711\" >\n\t\t<div class=\"wpb_wrapper\">\n\t\t\t<p><span style=\"color: #ffffff;\">Pour tous vos besoins d'excavation, de transport et de d\u00e9molition efficaces, notre portefeuille complet d'\u00e9quipements \u00e9tablit la norme dans une industrie de plus en plus comp\u00e9titive. Notre offre couvre les \u00e9quipements de forage, de coupe, de chargement et de transport de roche et de manutention, le tout soutenu par un service apr\u00e8s-vente solide.<\/span><\/p>\n\n\t\t<\/div>\n\t<\/div>\n<div class=\"vc_row wpb_row vc_inner vc_row-fluid vc_custom_1446703897866\"><div class=\"wpb_column vc_column_container vc_col-sm-6\"><div class=\"vc_column-inner\"><div class=\"wpb_wrapper\">\n\t<div class=\"wpb_single_image wpb_content_element vc_align_left\">\n\t\t<div class=\"wpb_wrapper\">\n\t\t\t\n\t\t\t<div class=\"vc_single_image-wrapper   vc_box_border_grey\"><img loading=\"lazy\" decoding=\"async\" width=\"672\" height=\"398\" src=\"https:\/\/deccaa.com\/wp-content\/uploads\/2022\/06\/komatsu-excavator-12-01-2021-024-220010435-o2d6o.jpg\" class=\"vc_single_image-img attachment-full\" alt=\"\" srcset=\"https:\/\/deccaa.com\/wp-content\/uploads\/2022\/06\/komatsu-excavator-12-01-2021-024-220010435-o2d6o.jpg 672w, https:\/\/deccaa.com\/wp-content\/uploads\/2022\/06\/komatsu-excavator-12-01-2021-024-220010435-o2d6o-300x178.jpg 300w, https:\/\/deccaa.com\/wp-content\/uploads\/2022\/06\/komatsu-excavator-12-01-2021-024-220010435-o2d6o-18x12.jpg 18w, https:\/\/deccaa.com\/wp-content\/uploads\/2022\/06\/komatsu-excavator-12-01-2021-024-220010435-o2d6o-280x165.jpg 280w\" sizes=\"auto, (max-width: 672px) 100vw, 672px\" \/><\/div>\n\t\t<\/div>\n\t<\/div>\n<\/div><\/div><\/div><div class=\"wpb_column vc_column_container vc_col-sm-6\"><div class=\"vc_column-inner\"><div class=\"wpb_wrapper\">\n\t<div class=\"wpb_single_image wpb_content_element vc_align_left\">\n\t\t<div class=\"wpb_wrapper\">\n\t\t\t\n\t\t\t<div class=\"vc_single_image-wrapper   vc_box_border_grey\"><img loading=\"lazy\" decoding=\"async\" width=\"1280\" height=\"720\" src=\"https:\/\/deccaa.com\/wp-content\/uploads\/2022\/06\/ejb-Soil-Stabilization-1-3-1280x720_c-1-1.webp\" class=\"vc_single_image-img attachment-full\" alt=\"\" srcset=\"https:\/\/deccaa.com\/wp-content\/uploads\/2022\/06\/ejb-Soil-Stabilization-1-3-1280x720_c-1-1.webp 1280w, https:\/\/deccaa.com\/wp-content\/uploads\/2022\/06\/ejb-Soil-Stabilization-1-3-1280x720_c-1-1-300x169.webp 300w, https:\/\/deccaa.com\/wp-content\/uploads\/2022\/06\/ejb-Soil-Stabilization-1-3-1280x720_c-1-1-1024x576.webp 1024w, https:\/\/deccaa.com\/wp-content\/uploads\/2022\/06\/ejb-Soil-Stabilization-1-3-1280x720_c-1-1-768x432.webp 768w, https:\/\/deccaa.com\/wp-content\/uploads\/2022\/06\/ejb-Soil-Stabilization-1-3-1280x720_c-1-1-18x10.webp 18w, https:\/\/deccaa.com\/wp-content\/uploads\/2022\/06\/ejb-Soil-Stabilization-1-3-1280x720_c-1-1-398x223.webp 398w, https:\/\/deccaa.com\/wp-content\/uploads\/2022\/06\/ejb-Soil-Stabilization-1-3-1280x720_c-1-1-472x265.webp 472w\" sizes=\"auto, (max-width: 1280px) 100vw, 1280px\" \/><\/div>\n\t\t<\/div>\n\t<\/div>\n<\/div><\/div><\/div><\/div><\/div><\/div><\/div><\/div><div class=\"vc_row wpb_row vc_row-fluid vc_custom_1654692366695\"><div class=\"wpb_column vc_column_container vc_col-sm-12\"><div class=\"vc_column-inner\"><div class=\"wpb_wrapper\">\n<div class=\"stm-call-to-action heading-font\" style=\"background-color:#fab637\">\n\t<div class=\"clearfix\">\n\t\t<div class=\"call-to-action-content pull-left\">\n\t\t\t\t\t\t\t<div class=\"content\" style=\"color: #1d1f1f\">\n\t\t\t\t\t\t\t\t\t\t\t<i class=\"stm-icon-question\"><\/i>\n\t\t\t\t\t\t\t\t\t\t\t\t\t\t\tVous avez une question\u00a0? Contactez-nous!\t\t\t\t<\/div>\n\t\t\t\t\t<\/div>\n\t\t<div class=\"call-to-action-right\" style=\"color: #1d1f1f\">\n\n\t\t\t\n\t\t\t<div class=\"call-to-action-meta\" style=\"color: #1d1f1f\">\n\t\t\t\t\t\t\t\t\t<div class=\"content\">\n\t\t\t\t\t\t\t\t\t\t\t\t\t<i class=\"stm-icon-phone2\"><\/i>\n\t\t\t\t\t\t\t\t\t\t\t\t+226 71 13 26 79\t\t\t\t\t<\/div>\n\t\t\t\t\n\t\t\t<\/div>\n\t\t<\/div>\n\n\t<\/div>\n<\/div><\/div><\/div><\/div><\/div>","protected":false},"excerpt":{"rendered":"COMPONENTS We supply Major Components for various equipment from many sectors : Underground Mining, Open-cast Mining, Construction machinery, Lifting units, Handling equipment, Military, etc We offer a single source of supply for your Axles, Transmissions, Engines, Compressors, Drifters, Cylinders, Rotary Heads, Pumps, valves and Motors , Drive pumps, Reducers and gearboxes The brands we supply...","protected":false},"author":1,"featured_media":0,"parent":0,"menu_order":0,"comment_status":"closed","ping_status":"closed","template":"","meta":{"footnotes":""},"yst_prominent_words":[],"class_list":["post-684","page","type-page","status-publish","hentry"],"_links":{"self":[{"href":"https:\/\/deccaa.com\/fr\/wp-json\/wp\/v2\/pages\/684","targetHints":{"allow":["GET"]}}],"collection":[{"href":"https:\/\/deccaa.com\/fr\/wp-json\/wp\/v2\/pages"}],"about":[{"href":"https:\/\/deccaa.com\/fr\/wp-json\/wp\/v2\/types\/page"}],"author":[{"embeddable":true,"href":"https:\/\/deccaa.com\/fr\/wp-json\/wp\/v2\/users\/1"}],"replies":[{"embeddable":true,"href":"https:\/\/deccaa.com\/fr\/wp-json\/wp\/v2\/comments?post=684"}],"version-history":[{"count":8,"href":"https:\/\/deccaa.com\/fr\/wp-json\/wp\/v2\/pages\/684\/revisions"}],"predecessor-version":[{"id":739,"href":"https:\/\/deccaa.com\/fr\/wp-json\/wp\/v2\/pages\/684\/revisions\/739"}],"wp:attachment":[{"href":"https:\/\/deccaa.com\/fr\/wp-json\/wp\/v2\/media?parent=684"}],"wp:term":[{"taxonomy":"yst_prominent_words","embeddable":true,"href":"https:\/\/deccaa.com\/fr\/wp-json\/wp\/v2\/yst_prominent_words?post=684"}],"curies":[{"name":"wp","href":"https:\/\/api.w.org\/{rel}","templated":true}]}}